{"id":192,"date":"2017-03-10T11:46:49","date_gmt":"2017-03-10T10:46:49","guid":{"rendered":"http:\/\/www.yvesguenot.fr\/?page_id=192"},"modified":"2022-07-16T09:33:32","modified_gmt":"2022-07-16T08:33:32","slug":"voyagez-plongez-shootez","status":"publish","type":"page","link":"https:\/\/www.yvesguenot.fr\/","title":{"rendered":"Voyagez Plongez Shootez"},"content":{"rendered":"<div class=\"one withsmallpadding ppb_header \" style=\"text-align: left; padding: 30px 0 30px 0;\">\n<div class=\"standard_wrapper\">\n<div class=\"page_content_wrapper\">\n<div class=\"inner\">\n<div style=\"margin: auto; width: 100%;\">&nbsp;<\/div>\n<\/div>\n<\/div>\n<\/div>\n<\/div>\n<div class=\"one withsmallpadding ppb_header \" style=\"text-align: left; padding: 30px 0 30px 0;\">\n<div class=\"standard_wrapper\">\n<div class=\"page_content_wrapper\">\n<div class=\"inner\">\n<div style=\"margin: auto; width: 100%;\">\n<div class=\"ppb_header_content\">&nbsp;<\/div>\n<\/div>\n<\/div>\n<\/div>\n<\/div>\n<\/div>\n<div class=\"one withsmallpadding ppb_header \" style=\"text-align: left; padding: 30px 0 30px 0;\">\n<div class=\"standard_wrapper\">\n<div class=\"page_content_wrapper\">\n<div class=\"inner\">\n<div style=\"margin: auto; width: 100%;\">\n<h2 class=\"ppb_title\">Le plaisir de partager mes voyages et mes images<\/h2>\n<hr class=\"title_break left\"\/>\n<div class=\"ppb_header_content\">\n<p>Des exp\u00e9riences et des rencontres inoubliables<\/p>\n<\/div>\n<\/div>\n<\/div>\n<\/div>\n<\/div>\n<\/div>\n<div class=\"one withsmallpadding ppb_text\" style=\"padding: 30px 0 30px 0;\">\n<div class=\"standard_wrapper\">\n<div class=\"page_content_wrapper\">\n<div class=\"inner\">\n<div style=\"margin: auto; width: 100%;\">\n<p>Je suis Yves Gu\u00e9not, apr\u00e8s une carri\u00e8re \u00e0 l\u2019\u00e9ducation nationale et au Minist\u00e8re des sports , je suis \u00e0 la retraite et profite du temps qui m\u2019est donn\u00e9 pour satisfaire mes passions : voyager, plonger et faire des images que je partage volontiers avec tous mes amis . Montrer diff\u00e9rents coins de notre plan\u00e8te et leurs beaut\u00e9s me laisse croire que chacun prendra conscience de l\u2019importance de respecter et prot\u00e9ger cet environnement fragile qui nous accueille . Je mesure la chance qui m\u2019est donn\u00e9e de pouvoir visiter et admirer ces endroits merveilleux que j\u2019essaie de vous pr\u00e9senter \u2026Ce n\u2019est que ma vision, elle se veut modeste , j\u2019esp\u00e8re qu\u2019elle vous plaira \u2026<\/p>\n<p>N\u2019h\u00e9sitez pas \u00e0 communiquer avec moi , dans le respect et la courtoisie , et m\u00eame \u00e0 donner des liens vers vos blogs ou images . Nous pourrons ainsi \u00e9changer des adresses, conseils, astuces \u2026pour et autour de&nbsp;nos voyages ou passions \u2026<span style=\"color: #ff0000;\">Mes images ne sont pas libres de droits<\/span> , merci de respecter mon travail \u2026Peut \u00eatre un jour elles seront \u00e0 la vente , pour amortir un peu toutes les d\u00e9penses aff\u00e9rentes \u00e0 cette passion !!!<\/p>\n<p>Merci<\/p>\n<p>Promenez vous dans les menus d\u00e9roulants en haut de page , n&rsquo;h\u00e9sitez pas \u00e0 commenter et \u00e0 \u00e9changer avec moi .<\/p>\n<div class=\"standard_wrapper\"><div id=\"17769909531709111676\" class=\"portfolio_filter_wrapper gallery three_cols contain\" data-columns=\"3\"><div class=\"element grid  classic3_cols\"><div class=\"one_third gallery3 static filterable gallery_type animated1\"><a class=\"fancy-gallery\" href=\"https:\/\/www.yvesguenot.fr\/wp-content\/uploads\/2017\/03\/30122013-IMG_0543.jpg\" data-caption=\"Ambiance sous marine \u00e0 Misool \" ><img decoding=\"async\" src=\"https:\/\/www.yvesguenot.fr\/wp-content\/uploads\/2017\/03\/30122013-IMG_0543-705x529.jpg\" alt=\"\"\/><\/a><\/div><\/div><div class=\"element grid  classic3_cols\"><div class=\"one_third gallery3 static filterable gallery_type animated2\"><a class=\"fancy-gallery\" href=\"https:\/\/www.yvesguenot.fr\/wp-content\/uploads\/2017\/03\/16601602_1351351648272785_486885793148901744_o.jpg\" data-caption=\"\" ><img decoding=\"async\" src=\"https:\/\/www.yvesguenot.fr\/wp-content\/uploads\/2017\/03\/16601602_1351351648272785_486885793148901744_o-705x529.jpg\" alt=\"\"\/><\/a><\/div><\/div><div class=\"element grid  classic3_cols\"><div class=\"one_third gallery3 static filterable gallery_type animated3\"><a class=\"fancy-gallery\" href=\"https:\/\/www.yvesguenot.fr\/wp-content\/uploads\/2017\/03\/IMG_0844.jpg\" data-caption=\"Couleurs de  Misool au Raja Ampat\" ><img decoding=\"async\" src=\"https:\/\/www.yvesguenot.fr\/wp-content\/uploads\/2017\/03\/IMG_0844-705x529.jpg\" alt=\"\"\/><\/a><\/div><\/div><div class=\"element grid  classic3_cols\"><div class=\"one_third gallery3 static filterable gallery_type animated4\"><a class=\"fancy-gallery\" href=\"https:\/\/www.yvesguenot.fr\/wp-content\/uploads\/2017\/03\/crevette-01.jpg\" data-caption=\"\" ><img decoding=\"async\" src=\"https:\/\/www.yvesguenot.fr\/wp-content\/uploads\/2017\/03\/crevette-01-705x529.jpg\" alt=\"\"\/><\/a><\/div><\/div><div class=\"element grid  classic3_cols\"><div class=\"one_third gallery3 static filterable gallery_type animated5\"><a class=\"fancy-gallery\" href=\"https:\/\/www.yvesguenot.fr\/wp-content\/uploads\/2017\/03\/IMG_4120_DxO.jpg\" data-caption=\"\" ><img decoding=\"async\" src=\"https:\/\/www.yvesguenot.fr\/wp-content\/uploads\/2017\/03\/IMG_4120_DxO-705x529.jpg\" alt=\"\"\/><\/a><\/div><\/div><div class=\"element grid  classic3_cols\"><div class=\"one_third gallery3 static filterable gallery_type animated6\"><a class=\"fancy-gallery\" href=\"https:\/\/www.yvesguenot.fr\/wp-content\/uploads\/2017\/03\/AJ8A3262_DxO.jpg\" data-caption=\"\" ><img decoding=\"async\" src=\"https:\/\/www.yvesguenot.fr\/wp-content\/uploads\/2017\/03\/AJ8A3262_DxO-705x529.jpg\" alt=\"\"\/><\/a><\/div><\/div><div class=\"element grid  classic3_cols\"><div class=\"one_third gallery3 static filterable gallery_type animated7\"><a class=\"fancy-gallery\" href=\"https:\/\/www.yvesguenot.fr\/wp-content\/uploads\/2017\/04\/0V0A1423.jpg\" data-caption=\"\" ><img decoding=\"async\" src=\"https:\/\/www.yvesguenot.fr\/wp-content\/uploads\/2017\/04\/0V0A1423-705x529.jpg\" alt=\"\"\/><\/a><\/div><\/div><div class=\"element grid  classic3_cols\"><div class=\"one_third gallery3 static filterable gallery_type animated8\"><a class=\"fancy-gallery\" href=\"https:\/\/www.yvesguenot.fr\/wp-content\/uploads\/2017\/05\/Lilac-breasted-roller-16.jpg\" data-caption=\"\" ><img decoding=\"async\" src=\"https:\/\/www.yvesguenot.fr\/wp-content\/uploads\/2017\/05\/Lilac-breasted-roller-16-705x529.jpg\" alt=\"\"\/><\/a><\/div><\/div><div class=\"element grid  classic3_cols\"><div class=\"one_third gallery3 static filterable gallery_type animated9\"><a class=\"fancy-gallery\" href=\"https:\/\/www.yvesguenot.fr\/wp-content\/uploads\/2017\/06\/0V0A0798_DxO-02.jpg\" data-caption=\"clown du Raja Ampat\" ><img decoding=\"async\" src=\"https:\/\/www.yvesguenot.fr\/wp-content\/uploads\/2017\/06\/0V0A0798_DxO-02-705x529.jpg\" alt=\"\"\/><\/a><\/div><\/div><\/div><\/div>\n<p>et si mon livre ou mon Ebook sur le Raja Ampat vous int\u00e9resse c&rsquo;est l\u00e0 :<\/p>\n<\/div>\n<p><a href=\"https:\/\/www.blurb.fr\/b\/9800278-wonderful-raja-ampat?fbclid=IwAR3qOskJTKhumu2u2eLllZJAfe1Agf2QxN_wg_BQfnJsidFZLqnwaGTLnz4\">https:\/\/www.blurb.fr\/b\/9800278-wonderful-raja-ampat?fbclid=IwAR3qOskJTKhumu2u2eLllZJAfe1Agf2QxN_wg_BQfnJsidFZLqnwaGTLnz4<\/a><br \/>\n<div class=\"standard_wrapper\"><div id=\"1776990953758554159\" class=\"portfolio_filter_wrapper gallery three_cols contain\" data-columns=\"3\"><div class=\"element grid  classic3_cols\"><div class=\"one_third gallery3 static filterable gallery_type animated1\"><a class=\"fancy-gallery\" href=\"https:\/\/www.yvesguenot.fr\/wp-content\/uploads\/2019\/06\/Capture-d\u2019e\u0301cran-2019-05-01-a\u0300-11.22.34.png\" data-caption=\"\" ><img decoding=\"async\" src=\"https:\/\/www.yvesguenot.fr\/wp-content\/uploads\/2019\/06\/Capture-d\u2019e\u0301cran-2019-05-01-a\u0300-11.22.34-705x529.png\" alt=\"\"\/><\/a><\/div><\/div><div class=\"element grid  classic3_cols\"><div class=\"one_third gallery3 static filterable gallery_type animated2\"><a class=\"fancy-gallery\" href=\"https:\/\/www.yvesguenot.fr\/wp-content\/uploads\/2019\/06\/LOGO-JAUNE-1-copy-copie.jpg\" data-caption=\"\" ><img decoding=\"async\" src=\"https:\/\/www.yvesguenot.fr\/wp-content\/uploads\/2019\/06\/LOGO-JAUNE-1-copy-copie.jpg\" alt=\"\"\/><\/a><\/div><\/div><div class=\"element grid  classic3_cols\"><div class=\"one_third gallery3 static filterable gallery_type animated3\"><a class=\"fancy-gallery\" href=\"https:\/\/www.yvesguenot.fr\/wp-content\/uploads\/2019\/06\/Magazine-22plongez22-N\u00b0-22-.jpg\" data-caption=\"\" ><img decoding=\"async\" src=\"https:\/\/www.yvesguenot.fr\/wp-content\/uploads\/2019\/06\/Magazine-22plongez22-N\u00b0-22--705x529.jpg\" alt=\"\"\/><\/a><\/div><\/div><\/div><\/div><\/p>\n<h1 style=\"text-align: center;\"><span style=\"color: #ff0000;\"><a style=\"color: #ff0000;\" href=\"https:\/\/www.yvesguenot.fr\/wp-content\/uploads\/2020\/08\/mentions-legales.pdf\">Cliquez ici pour lire les mentions l\u00e9gales<\/a><\/span><\/h1>\n<p style=\"text-align: center;\"><a href=\"https:\/\/www.yvesguenot.fr\/politique-de-confidentialite\/\">Politique de confidentialit\u00e9<\/a><\/p>\n<\/div>\n<\/div>\n<\/div>\n<\/div>\n<div class=\"one withsmallpadding ppb_header \" style=\"text-align: left; padding: 30px 0 30px 0;\">\n<div class=\"standard_wrapper\">\n<div class=\"page_content_wrapper\">\n<div class=\"inner\">\n<div style=\"margin: auto; width: 100%;\">&nbsp;<\/div>\n<\/div>\n<\/div>\n<\/div>\n<\/div>\n<div class=\"one withsmallpadding ppb_header \" style=\"text-align: left; padding: 30px 0 30px 0;\">\n<div class=\"standard_wrapper\">\n<div class=\"page_content_wrapper\">\n<div class=\"inner\">\n<div style=\"margin: auto; width: 100%;\">&nbsp;<\/div>\n<\/div>\n<\/div>\n<\/div>\n<\/div>\n<div class=\"one withsmallpadding ppb_header \" style=\"text-align: left; padding: 30px 0 30px 0;\">\n<div class=\"standard_wrapper\">\n<div class=\"page_content_wrapper\">\n<div class=\"inner\">\n<div style=\"margin: auto; width: 100%;\">&nbsp;<\/div>\n<\/div>\n<\/div>\n<\/div>\n<\/div>\n<div class=\"one withsmallpadding ppb_header \" style=\"text-align: left; padding: 30px 0 30px 0;\">\n<div class=\"standard_wrapper\">\n<div class=\"page_content_wrapper\">\n<div class=\"inner\">\n<div style=\"margin: auto; width: 100%;\">&nbsp;<\/div>\n<\/div>\n<\/div>\n<\/div>\n<\/div>\n<div class=\"one withsmallpadding ppb_header \" style=\"text-align: left; padding: 30px 0 30px 0;\">\n<div class=\"standard_wrapper\">\n<div class=\"page_content_wrapper\">\n<div class=\"inner\">\n<div style=\"margin: auto; width: 100%;\">&nbsp;<\/div>\n<\/div>\n<\/div>\n<\/div>\n<\/div>\n","protected":false},"excerpt":{"rendered":"<p>&nbsp; &nbsp; Le plaisir de partager mes voyages et mes images Des exp\u00e9riences et des rencontres inoubliables Je suis Yves Gu\u00e9not, apr\u00e8s une carri\u00e8re \u00e0 l\u2019\u00e9ducation nationale et au Minist\u00e8re des sports , je suis \u00e0 la retraite et profite [&hellip;]<\/p>\n","protected":false},"author":2,"featured_media":144,"parent":0,"menu_order":0,"comment_status":"closed","ping_status":"closed","template":"","meta":{"_exactmetrics_skip_tracking":false,"_exactmetrics_sitenote_active":false,"_exactmetrics_sitenote_note":"","_exactmetrics_sitenote_category":0,"ngg_post_thumbnail":0,"footnotes":""},"class_list":["post-192","page","type-page","status-publish","has-post-thumbnail","hentry"],"_links":{"self":[{"href":"https:\/\/www.yvesguenot.fr\/index.php?rest_route=\/wp\/v2\/pages\/192","targetHints":{"allow":["GET"]}}],"collection":[{"href":"https:\/\/www.yvesguenot.fr\/index.php?rest_route=\/wp\/v2\/pages"}],"about":[{"href":"https:\/\/www.yvesguenot.fr\/index.php?rest_route=\/wp\/v2\/types\/page"}],"author":[{"embeddable":true,"href":"https:\/\/www.yvesguenot.fr\/index.php?rest_route=\/wp\/v2\/users\/2"}],"replies":[{"embeddable":true,"href":"https:\/\/www.yvesguenot.fr\/index.php?rest_route=%2Fwp%2Fv2%2Fcomments&post=192"}],"version-history":[{"count":1,"href":"https:\/\/www.yvesguenot.fr\/index.php?rest_route=\/wp\/v2\/pages\/192\/revisions"}],"predecessor-version":[{"id":7307,"href":"https:\/\/www.yvesguenot.fr\/index.php?rest_route=\/wp\/v2\/pages\/192\/revisions\/7307"}],"wp:featuredmedia":[{"embeddable":true,"href":"https:\/\/www.yvesguenot.fr\/index.php?rest_route=\/wp\/v2\/media\/144"}],"wp:attachment":[{"href":"https:\/\/www.yvesguenot.fr\/index.php?rest_route=%2Fwp%2Fv2%2Fmedia&parent=192"}],"curies":[{"name":"wp","href":"https:\/\/api.w.org\/{rel}","templated":true}]}}