{"id":6345,"date":"2020-08-18T16:12:00","date_gmt":"2020-08-18T15:12:00","guid":{"rendered":"https:\/\/www.yvesguenot.fr\/?page_id=6345"},"modified":"2020-08-18T18:36:06","modified_gmt":"2020-08-18T17:36:06","slug":"afrique","status":"publish","type":"page","link":"https:\/\/www.yvesguenot.fr\/?page_id=6345","title":{"rendered":"Afrique"},"content":{"rendered":"\n<div class=\"wp-block-group\"><div class=\"wp-block-group__inner-container is-layout-flow wp-block-group-is-layout-flow\">\n<center> <p> N&rsquo;h\u00e9sitez pas \u00e0 me contacter en cliquant <a href=\"https:\/\/www.yvesguenot.fr\/voyagez-plongez-shootez\/contact\/\" style=\"color:#FF0000;\">ici <\/a> si une photo vous int\u00e9resse &#8230; <\/p>\n<\/center>\n\n\n\n<div class=\"standard_wrapper\"><div id=\"1776997194987243498\" class=\"portfolio_filter_wrapper gallery two_cols contain\" data-columns=\"2\"><div class=\"element grid  classic2_cols\"><div class=\"one_half gallery2 static filterable gallery_type animated1\"><a class=\"fancy-gallery\" href=\"https:\/\/www.yvesguenot.fr\/wp-content\/uploads\/2020\/08\/31122019-7B6A6729travail-exos-YG.jpg\" data-caption=\"\" ><img decoding=\"async\" src=\"https:\/\/www.yvesguenot.fr\/wp-content\/uploads\/2020\/08\/31122019-7B6A6729travail-exos-YG-705x529.jpg\" alt=\"\"\/><\/a><\/div><\/div><div class=\"element grid  classic2_cols\"><div class=\"one_half gallery2 static filterable gallery_type animated2\"><a class=\"fancy-gallery\" href=\"https:\/\/www.yvesguenot.fr\/wp-content\/uploads\/2020\/08\/31122019-7B6A6672travail-exos-YG.jpg\" data-caption=\"\" ><img decoding=\"async\" src=\"https:\/\/www.yvesguenot.fr\/wp-content\/uploads\/2020\/08\/31122019-7B6A6672travail-exos-YG-705x529.jpg\" alt=\"\"\/><\/a><\/div><\/div><div class=\"element grid  classic2_cols\"><div class=\"one_half gallery2 static filterable gallery_type animated3\"><a class=\"fancy-gallery\" href=\"https:\/\/www.yvesguenot.fr\/wp-content\/uploads\/2020\/08\/7B6A9369_DxO-3-2.jpg\" data-caption=\"\" ><img decoding=\"async\" src=\"https:\/\/www.yvesguenot.fr\/wp-content\/uploads\/2020\/08\/7B6A9369_DxO-3-2-705x529.jpg\" alt=\"\"\/><\/a><\/div><\/div><div class=\"element grid  classic2_cols\"><div class=\"one_half gallery2 static filterable gallery_type animated4\"><a class=\"fancy-gallery\" href=\"https:\/\/www.yvesguenot.fr\/wp-content\/uploads\/2020\/08\/31122019-7B6A6709travail-exos-YG.jpg\" data-caption=\"\" ><img decoding=\"async\" src=\"https:\/\/www.yvesguenot.fr\/wp-content\/uploads\/2020\/08\/31122019-7B6A6709travail-exos-YG-705x529.jpg\" alt=\"\"\/><\/a><\/div><\/div><div class=\"element grid  classic2_cols\"><div class=\"one_half gallery2 static filterable gallery_type animated5\"><a class=\"fancy-gallery\" href=\"https:\/\/www.yvesguenot.fr\/wp-content\/uploads\/2020\/08\/31122019-7B6A6579travail-exos-YG.jpg\" data-caption=\"\" ><img decoding=\"async\" src=\"https:\/\/www.yvesguenot.fr\/wp-content\/uploads\/2020\/08\/31122019-7B6A6579travail-exos-YG-705x529.jpg\" alt=\"\"\/><\/a><\/div><\/div><div class=\"element grid  classic2_cols\"><div class=\"one_half gallery2 static filterable gallery_type animated6\"><a class=\"fancy-gallery\" href=\"https:\/\/www.yvesguenot.fr\/wp-content\/uploads\/2020\/08\/7B6A9029_DxO-2.jpg\" data-caption=\"\" ><img decoding=\"async\" src=\"https:\/\/www.yvesguenot.fr\/wp-content\/uploads\/2020\/08\/7B6A9029_DxO-2-705x529.jpg\" alt=\"\"\/><\/a><\/div><\/div><div class=\"element grid  classic2_cols\"><div class=\"one_half gallery2 static filterable gallery_type animated7\"><a class=\"fancy-gallery\" href=\"https:\/\/www.yvesguenot.fr\/wp-content\/uploads\/2020\/08\/7B6A5632_DxO.jpg\" data-caption=\"\" ><img decoding=\"async\" src=\"https:\/\/www.yvesguenot.fr\/wp-content\/uploads\/2020\/08\/7B6A5632_DxO-705x529.jpg\" alt=\"\"\/><\/a><\/div><\/div><div class=\"element grid  classic2_cols\"><div class=\"one_half gallery2 static filterable gallery_type animated8\"><a class=\"fancy-gallery\" href=\"https:\/\/www.yvesguenot.fr\/wp-content\/uploads\/2020\/08\/7B6A8955_DxO-2.jpg\" data-caption=\"\" ><img decoding=\"async\" src=\"https:\/\/www.yvesguenot.fr\/wp-content\/uploads\/2020\/08\/7B6A8955_DxO-2-705x529.jpg\" alt=\"\"\/><\/a><\/div><\/div><div class=\"element grid  classic2_cols\"><div class=\"one_half gallery2 static filterable gallery_type animated9\"><a class=\"fancy-gallery\" href=\"https:\/\/www.yvesguenot.fr\/wp-content\/uploads\/2020\/08\/7B6A8907_DxO-2.jpg\" data-caption=\"\" ><img decoding=\"async\" src=\"https:\/\/www.yvesguenot.fr\/wp-content\/uploads\/2020\/08\/7B6A8907_DxO-2-705x529.jpg\" alt=\"\"\/><\/a><\/div><\/div><div class=\"element grid  classic2_cols\"><div class=\"one_half gallery2 static filterable gallery_type animated10\"><a class=\"fancy-gallery\" href=\"https:\/\/www.yvesguenot.fr\/wp-content\/uploads\/2020\/08\/7B6A5626_DxO.jpg\" data-caption=\"\" ><img decoding=\"async\" src=\"https:\/\/www.yvesguenot.fr\/wp-content\/uploads\/2020\/08\/7B6A5626_DxO-705x529.jpg\" alt=\"\"\/><\/a><\/div><\/div><div class=\"element grid  classic2_cols\"><div class=\"one_half gallery2 static filterable gallery_type animated11\"><a class=\"fancy-gallery\" href=\"https:\/\/www.yvesguenot.fr\/wp-content\/uploads\/2020\/08\/7B6A5621_DxO.jpg\" data-caption=\"\" ><img decoding=\"async\" src=\"https:\/\/www.yvesguenot.fr\/wp-content\/uploads\/2020\/08\/7B6A5621_DxO-705x529.jpg\" alt=\"\"\/><\/a><\/div><\/div><div class=\"element grid  classic2_cols\"><div class=\"one_half gallery2 static filterable gallery_type animated12\"><a class=\"fancy-gallery\" href=\"https:\/\/www.yvesguenot.fr\/wp-content\/uploads\/2020\/08\/7B6A5621_DxO-2.jpg\" data-caption=\"\" ><img decoding=\"async\" src=\"https:\/\/www.yvesguenot.fr\/wp-content\/uploads\/2020\/08\/7B6A5621_DxO-2-705x529.jpg\" alt=\"\"\/><\/a><\/div><\/div><div class=\"element grid  classic2_cols\"><div class=\"one_half gallery2 static filterable gallery_type animated13\"><a class=\"fancy-gallery\" href=\"https:\/\/www.yvesguenot.fr\/wp-content\/uploads\/2020\/08\/7B6A5613_DxO.jpg\" data-caption=\"\" ><img decoding=\"async\" src=\"https:\/\/www.yvesguenot.fr\/wp-content\/uploads\/2020\/08\/7B6A5613_DxO-705x529.jpg\" alt=\"\"\/><\/a><\/div><\/div><div class=\"element grid  classic2_cols\"><div class=\"one_half gallery2 static filterable gallery_type animated14\"><a class=\"fancy-gallery\" href=\"https:\/\/www.yvesguenot.fr\/wp-content\/uploads\/2020\/08\/7B6A5590_DxO.jpg\" data-caption=\"\" ><img decoding=\"async\" src=\"https:\/\/www.yvesguenot.fr\/wp-content\/uploads\/2020\/08\/7B6A5590_DxO-705x529.jpg\" alt=\"\"\/><\/a><\/div><\/div><div class=\"element grid  classic2_cols\"><div class=\"one_half gallery2 static filterable gallery_type animated15\"><a class=\"fancy-gallery\" href=\"https:\/\/www.yvesguenot.fr\/wp-content\/uploads\/2020\/08\/7B6A5599_DxO-1.jpg\" data-caption=\"\" ><img decoding=\"async\" src=\"https:\/\/www.yvesguenot.fr\/wp-content\/uploads\/2020\/08\/7B6A5599_DxO-1-705x529.jpg\" alt=\"\"\/><\/a><\/div><\/div><div class=\"element grid  classic2_cols\"><div class=\"one_half gallery2 static filterable gallery_type animated16\"><a class=\"fancy-gallery\" href=\"https:\/\/www.yvesguenot.fr\/wp-content\/uploads\/2020\/08\/7B6A5583_DxO.jpg\" data-caption=\"\" ><img decoding=\"async\" src=\"https:\/\/www.yvesguenot.fr\/wp-content\/uploads\/2020\/08\/7B6A5583_DxO-705x529.jpg\" alt=\"\"\/><\/a><\/div><\/div><div class=\"element grid  classic2_cols\"><div class=\"one_half gallery2 static filterable gallery_type animated17\"><a class=\"fancy-gallery\" href=\"https:\/\/www.yvesguenot.fr\/wp-content\/uploads\/2020\/08\/7B6A5582_DxO.jpg\" data-caption=\"\" ><img decoding=\"async\" src=\"https:\/\/www.yvesguenot.fr\/wp-content\/uploads\/2020\/08\/7B6A5582_DxO-705x529.jpg\" alt=\"\"\/><\/a><\/div><\/div><div class=\"element grid  classic2_cols\"><div class=\"one_half gallery2 static filterable gallery_type animated18\"><a class=\"fancy-gallery\" href=\"https:\/\/www.yvesguenot.fr\/wp-content\/uploads\/2020\/08\/7B6A5586_DxO.jpg\" data-caption=\"\" ><img decoding=\"async\" src=\"https:\/\/www.yvesguenot.fr\/wp-content\/uploads\/2020\/08\/7B6A5586_DxO-705x529.jpg\" alt=\"\"\/><\/a><\/div><\/div><div class=\"element grid  classic2_cols\"><div class=\"one_half gallery2 static filterable gallery_type animated19\"><a class=\"fancy-gallery\" href=\"https:\/\/www.yvesguenot.fr\/wp-content\/uploads\/2020\/08\/7B6A5518_DxO-copie.jpg\" data-caption=\"\" ><img decoding=\"async\" src=\"https:\/\/www.yvesguenot.fr\/wp-content\/uploads\/2020\/08\/7B6A5518_DxO-copie-705x529.jpg\" alt=\"\"\/><\/a><\/div><\/div><div class=\"element grid  classic2_cols\"><div class=\"one_half gallery2 static filterable gallery_type animated20\"><a class=\"fancy-gallery\" href=\"https:\/\/www.yvesguenot.fr\/wp-content\/uploads\/2020\/08\/7B6A5572_DxO-2.jpg\" data-caption=\"\" ><img decoding=\"async\" src=\"https:\/\/www.yvesguenot.fr\/wp-content\/uploads\/2020\/08\/7B6A5572_DxO-2-705x529.jpg\" alt=\"\"\/><\/a><\/div><\/div><div class=\"element grid  classic2_cols\"><div class=\"one_half gallery2 static filterable gallery_type animated21\"><a class=\"fancy-gallery\" href=\"https:\/\/www.yvesguenot.fr\/wp-content\/uploads\/2020\/08\/7B6A5573_DxO.jpg\" data-caption=\"\" ><img decoding=\"async\" src=\"https:\/\/www.yvesguenot.fr\/wp-content\/uploads\/2020\/08\/7B6A5573_DxO-705x529.jpg\" alt=\"\"\/><\/a><\/div><\/div><div class=\"element grid  classic2_cols\"><div class=\"one_half gallery2 static filterable gallery_type animated22\"><a class=\"fancy-gallery\" href=\"https:\/\/www.yvesguenot.fr\/wp-content\/uploads\/2020\/08\/7B6A5509_DxO.jpg\" data-caption=\"\" ><img decoding=\"async\" src=\"https:\/\/www.yvesguenot.fr\/wp-content\/uploads\/2020\/08\/7B6A5509_DxO-705x529.jpg\" alt=\"\"\/><\/a><\/div><\/div><div class=\"element grid  classic2_cols\"><div class=\"one_half gallery2 static filterable gallery_type animated23\"><a class=\"fancy-gallery\" href=\"https:\/\/www.yvesguenot.fr\/wp-content\/uploads\/2020\/08\/7B6A5507_DxO-2.jpg\" data-caption=\"\" ><img decoding=\"async\" src=\"https:\/\/www.yvesguenot.fr\/wp-content\/uploads\/2020\/08\/7B6A5507_DxO-2-705x529.jpg\" alt=\"\"\/><\/a><\/div><\/div><div class=\"element grid  classic2_cols\"><div class=\"one_half gallery2 static filterable gallery_type animated24\"><a class=\"fancy-gallery\" href=\"https:\/\/www.yvesguenot.fr\/wp-content\/uploads\/2020\/08\/7B6A5414_DxO.jpg\" data-caption=\"\" ><img decoding=\"async\" src=\"https:\/\/www.yvesguenot.fr\/wp-content\/uploads\/2020\/08\/7B6A5414_DxO-705x529.jpg\" alt=\"\"\/><\/a><\/div><\/div><div class=\"element grid  classic2_cols\"><div class=\"one_half gallery2 static filterable gallery_type animated25\"><a class=\"fancy-gallery\" href=\"https:\/\/www.yvesguenot.fr\/wp-content\/uploads\/2020\/08\/7B6A5463_DxO.jpg\" data-caption=\"\" ><img decoding=\"async\" src=\"https:\/\/www.yvesguenot.fr\/wp-content\/uploads\/2020\/08\/7B6A5463_DxO-705x529.jpg\" alt=\"\"\/><\/a><\/div><\/div><div class=\"element grid  classic2_cols\"><div class=\"one_half gallery2 static filterable gallery_type animated26\"><a class=\"fancy-gallery\" href=\"https:\/\/www.yvesguenot.fr\/wp-content\/uploads\/2020\/08\/7B6A4918_DxO-2-2.jpg\" data-caption=\"\" ><img decoding=\"async\" src=\"https:\/\/www.yvesguenot.fr\/wp-content\/uploads\/2020\/08\/7B6A4918_DxO-2-2-705x529.jpg\" alt=\"\"\/><\/a><\/div><\/div><div class=\"element grid  classic2_cols\"><div class=\"one_half gallery2 static filterable gallery_type animated27\"><a class=\"fancy-gallery\" href=\"https:\/\/www.yvesguenot.fr\/wp-content\/uploads\/2020\/08\/7B6A5493_DxO.jpg\" data-caption=\"\" ><img decoding=\"async\" src=\"https:\/\/www.yvesguenot.fr\/wp-content\/uploads\/2020\/08\/7B6A5493_DxO-705x529.jpg\" alt=\"\"\/><\/a><\/div><\/div><div class=\"element grid  classic2_cols\"><div class=\"one_half gallery2 static filterable gallery_type animated28\"><a class=\"fancy-gallery\" href=\"https:\/\/www.yvesguenot.fr\/wp-content\/uploads\/2020\/08\/7B6A4702_DxO.jpg\" data-caption=\"\" ><img decoding=\"async\" src=\"https:\/\/www.yvesguenot.fr\/wp-content\/uploads\/2020\/08\/7B6A4702_DxO-705x529.jpg\" alt=\"\"\/><\/a><\/div><\/div><div class=\"element grid  classic2_cols\"><div class=\"one_half gallery2 static filterable gallery_type animated29\"><a class=\"fancy-gallery\" href=\"https:\/\/www.yvesguenot.fr\/wp-content\/uploads\/2020\/08\/7B6A4659_DxO.jpg\" data-caption=\"\" ><img decoding=\"async\" src=\"https:\/\/www.yvesguenot.fr\/wp-content\/uploads\/2020\/08\/7B6A4659_DxO-705x529.jpg\" alt=\"\"\/><\/a><\/div><\/div><div class=\"element grid  classic2_cols\"><div class=\"one_half gallery2 static filterable gallery_type animated30\"><a class=\"fancy-gallery\" href=\"https:\/\/www.yvesguenot.fr\/wp-content\/uploads\/2020\/08\/7B6A4622_DxO.jpg\" data-caption=\"\" ><img decoding=\"async\" src=\"https:\/\/www.yvesguenot.fr\/wp-content\/uploads\/2020\/08\/7B6A4622_DxO-705x529.jpg\" alt=\"\"\/><\/a><\/div><\/div><div class=\"element grid  classic2_cols\"><div class=\"one_half gallery2 static filterable gallery_type animated31\"><a class=\"fancy-gallery\" href=\"https:\/\/www.yvesguenot.fr\/wp-content\/uploads\/2020\/08\/7B6A4254_DxO.jpg\" data-caption=\"\" ><img decoding=\"async\" src=\"https:\/\/www.yvesguenot.fr\/wp-content\/uploads\/2020\/08\/7B6A4254_DxO-705x529.jpg\" alt=\"\"\/><\/a><\/div><\/div><div class=\"element grid  classic2_cols\"><div class=\"one_half gallery2 static filterable gallery_type animated32\"><a class=\"fancy-gallery\" href=\"https:\/\/www.yvesguenot.fr\/wp-content\/uploads\/2020\/08\/7B6A4248_DxO.jpg\" data-caption=\"\" ><img decoding=\"async\" src=\"https:\/\/www.yvesguenot.fr\/wp-content\/uploads\/2020\/08\/7B6A4248_DxO-705x529.jpg\" alt=\"\"\/><\/a><\/div><\/div><div class=\"element grid  classic2_cols\"><div class=\"one_half gallery2 static filterable gallery_type animated33\"><a class=\"fancy-gallery\" href=\"https:\/\/www.yvesguenot.fr\/wp-content\/uploads\/2020\/08\/7B6A8907-01_DxO-2.jpg\" data-caption=\"\" ><img decoding=\"async\" src=\"https:\/\/www.yvesguenot.fr\/wp-content\/uploads\/2020\/08\/7B6A8907-01_DxO-2-705x529.jpg\" alt=\"\"\/><\/a><\/div><\/div><div class=\"element grid  classic2_cols\"><div class=\"one_half gallery2 static filterable gallery_type animated34\"><a class=\"fancy-gallery\" href=\"https:\/\/www.yvesguenot.fr\/wp-content\/uploads\/2020\/08\/7B6A4203_DxO.jpg\" data-caption=\"\" ><img decoding=\"async\" src=\"https:\/\/www.yvesguenot.fr\/wp-content\/uploads\/2020\/08\/7B6A4203_DxO-705x529.jpg\" alt=\"\"\/><\/a><\/div><\/div><div class=\"element grid  classic2_cols\"><div class=\"one_half gallery2 static filterable gallery_type animated35\"><a class=\"fancy-gallery\" href=\"https:\/\/www.yvesguenot.fr\/wp-content\/uploads\/2020\/08\/7B6A8632_DxO-2.jpg\" data-caption=\"\" ><img decoding=\"async\" src=\"https:\/\/www.yvesguenot.fr\/wp-content\/uploads\/2020\/08\/7B6A8632_DxO-2-705x529.jpg\" alt=\"\"\/><\/a><\/div><\/div><div class=\"element grid  classic2_cols\"><div class=\"one_half gallery2 static filterable gallery_type animated36\"><a class=\"fancy-gallery\" href=\"https:\/\/www.yvesguenot.fr\/wp-content\/uploads\/2020\/08\/7B6A8848_DxO-2.jpg\" data-caption=\"\" ><img decoding=\"async\" src=\"https:\/\/www.yvesguenot.fr\/wp-content\/uploads\/2020\/08\/7B6A8848_DxO-2-705x529.jpg\" alt=\"\"\/><\/a><\/div><\/div><div class=\"element grid  classic2_cols\"><div class=\"one_half gallery2 static filterable gallery_type animated37\"><a class=\"fancy-gallery\" href=\"https:\/\/www.yvesguenot.fr\/wp-content\/uploads\/2020\/08\/7B6A8629_DxO-2.jpg\" data-caption=\"\" ><img decoding=\"async\" src=\"https:\/\/www.yvesguenot.fr\/wp-content\/uploads\/2020\/08\/7B6A8629_DxO-2-705x529.jpg\" alt=\"\"\/><\/a><\/div><\/div><div class=\"element grid  classic2_cols\"><div class=\"one_half gallery2 static filterable gallery_type animated38\"><a class=\"fancy-gallery\" href=\"https:\/\/www.yvesguenot.fr\/wp-content\/uploads\/2020\/08\/7B6A8541_DxO-2.jpg\" data-caption=\"\" ><img decoding=\"async\" src=\"https:\/\/www.yvesguenot.fr\/wp-content\/uploads\/2020\/08\/7B6A8541_DxO-2-705x529.jpg\" alt=\"\"\/><\/a><\/div><\/div><div class=\"element grid  classic2_cols\"><div class=\"one_half gallery2 static filterable gallery_type animated39\"><a class=\"fancy-gallery\" href=\"https:\/\/www.yvesguenot.fr\/wp-content\/uploads\/2020\/08\/7B6A8496_DxO-3.jpg\" data-caption=\"\" ><img decoding=\"async\" src=\"https:\/\/www.yvesguenot.fr\/wp-content\/uploads\/2020\/08\/7B6A8496_DxO-3-705x529.jpg\" alt=\"\"\/><\/a><\/div><\/div><div class=\"element grid  classic2_cols\"><div class=\"one_half gallery2 static filterable gallery_type animated40\"><a class=\"fancy-gallery\" href=\"https:\/\/www.yvesguenot.fr\/wp-content\/uploads\/2020\/08\/7B6A7716_DxO-2.jpg\" data-caption=\"\" ><img decoding=\"async\" src=\"https:\/\/www.yvesguenot.fr\/wp-content\/uploads\/2020\/08\/7B6A7716_DxO-2-705x529.jpg\" alt=\"\"\/><\/a><\/div><\/div><div class=\"element grid  classic2_cols\"><div class=\"one_half gallery2 static filterable gallery_type animated41\"><a class=\"fancy-gallery\" href=\"https:\/\/www.yvesguenot.fr\/wp-content\/uploads\/2020\/08\/7B6A7663_DxO-2.jpg\" data-caption=\"\" ><img decoding=\"async\" src=\"https:\/\/www.yvesguenot.fr\/wp-content\/uploads\/2020\/08\/7B6A7663_DxO-2-705x529.jpg\" alt=\"\"\/><\/a><\/div><\/div><div class=\"element grid  classic2_cols\"><div class=\"one_half gallery2 static filterable gallery_type animated42\"><a class=\"fancy-gallery\" href=\"https:\/\/www.yvesguenot.fr\/wp-content\/uploads\/2020\/08\/7B6A7715_DxO-2.jpg\" data-caption=\"\" ><img decoding=\"async\" src=\"https:\/\/www.yvesguenot.fr\/wp-content\/uploads\/2020\/08\/7B6A7715_DxO-2-705x529.jpg\" alt=\"\"\/><\/a><\/div><\/div><div class=\"element grid  classic2_cols\"><div class=\"one_half gallery2 static filterable gallery_type animated43\"><a class=\"fancy-gallery\" href=\"https:\/\/www.yvesguenot.fr\/wp-content\/uploads\/2020\/08\/7B6A6239_DxO.jpg\" data-caption=\"\" ><img decoding=\"async\" src=\"https:\/\/www.yvesguenot.fr\/wp-content\/uploads\/2020\/08\/7B6A6239_DxO-705x529.jpg\" alt=\"\"\/><\/a><\/div><\/div><div class=\"element grid  classic2_cols\"><div class=\"one_half gallery2 static filterable gallery_type animated44\"><a class=\"fancy-gallery\" href=\"https:\/\/www.yvesguenot.fr\/wp-content\/uploads\/2020\/08\/7B6A6158_DxO.jpg\" data-caption=\"\" ><img decoding=\"async\" src=\"https:\/\/www.yvesguenot.fr\/wp-content\/uploads\/2020\/08\/7B6A6158_DxO-705x529.jpg\" alt=\"\"\/><\/a><\/div><\/div><div class=\"element grid  classic2_cols\"><div class=\"one_half gallery2 static filterable gallery_type animated45\"><a class=\"fancy-gallery\" href=\"https:\/\/www.yvesguenot.fr\/wp-content\/uploads\/2020\/08\/7B6A6597_DxO.jpg\" data-caption=\"\" ><img decoding=\"async\" src=\"https:\/\/www.yvesguenot.fr\/wp-content\/uploads\/2020\/08\/7B6A6597_DxO-705x529.jpg\" alt=\"\"\/><\/a><\/div><\/div><div class=\"element grid  classic2_cols\"><div class=\"one_half gallery2 static filterable gallery_type animated46\"><a class=\"fancy-gallery\" href=\"https:\/\/www.yvesguenot.fr\/wp-content\/uploads\/2020\/08\/7B6A7614_DxO-2.jpg\" data-caption=\"\" ><img decoding=\"async\" src=\"https:\/\/www.yvesguenot.fr\/wp-content\/uploads\/2020\/08\/7B6A7614_DxO-2-705x529.jpg\" alt=\"\"\/><\/a><\/div><\/div><div class=\"element grid  classic2_cols\"><div class=\"one_half gallery2 static filterable gallery_type animated47\"><a class=\"fancy-gallery\" href=\"https:\/\/www.yvesguenot.fr\/wp-content\/uploads\/2020\/08\/7B6A6294_DxO.jpg\" data-caption=\"\" ><img decoding=\"async\" src=\"https:\/\/www.yvesguenot.fr\/wp-content\/uploads\/2020\/08\/7B6A6294_DxO-705x529.jpg\" alt=\"\"\/><\/a><\/div><\/div><div class=\"element grid  classic2_cols\"><div class=\"one_half gallery2 static filterable gallery_type animated48\"><a class=\"fancy-gallery\" href=\"https:\/\/www.yvesguenot.fr\/wp-content\/uploads\/2020\/08\/7B6A6133_DxO.jpg\" data-caption=\"\" ><img decoding=\"async\" src=\"https:\/\/www.yvesguenot.fr\/wp-content\/uploads\/2020\/08\/7B6A6133_DxO-705x529.jpg\" alt=\"\"\/><\/a><\/div><\/div><div class=\"element grid  classic2_cols\"><div class=\"one_half gallery2 static filterable gallery_type animated49\"><a class=\"fancy-gallery\" href=\"https:\/\/www.yvesguenot.fr\/wp-content\/uploads\/2020\/08\/7B6A6115_DxO.jpg\" data-caption=\"\" ><img decoding=\"async\" src=\"https:\/\/www.yvesguenot.fr\/wp-content\/uploads\/2020\/08\/7B6A6115_DxO-705x529.jpg\" alt=\"\"\/><\/a><\/div><\/div><\/div><\/div>\n<\/div><\/div>\n","protected":false},"excerpt":{"rendered":"<p>N&rsquo;h\u00e9sitez pas \u00e0 me contacter en cliquant ici si une photo vous int\u00e9resse &#8230;<\/p>\n","protected":false},"author":2,"featured_media":0,"parent":0,"menu_order":0,"comment_status":"closed","ping_status":"closed","template":"","meta":{"_exactmetrics_skip_tracking":false,"_exactmetrics_sitenote_active":false,"_exactmetrics_sitenote_note":"","_exactmetrics_sitenote_category":0,"ngg_post_thumbnail":0,"footnotes":""},"class_list":["post-6345","page","type-page","status-publish","hentry"],"_links":{"self":[{"href":"https:\/\/www.yvesguenot.fr\/index.php?rest_route=\/wp\/v2\/pages\/6345","targetHints":{"allow":["GET"]}}],"collection":[{"href":"https:\/\/www.yvesguenot.fr\/index.php?rest_route=\/wp\/v2\/pages"}],"about":[{"href":"https:\/\/www.yvesguenot.fr\/index.php?rest_route=\/wp\/v2\/types\/page"}],"author":[{"embeddable":true,"href":"https:\/\/www.yvesguenot.fr\/index.php?rest_route=\/wp\/v2\/users\/2"}],"replies":[{"embeddable":true,"href":"https:\/\/www.yvesguenot.fr\/index.php?rest_route=%2Fwp%2Fv2%2Fcomments&post=6345"}],"version-history":[{"count":0,"href":"https:\/\/www.yvesguenot.fr\/index.php?rest_route=\/wp\/v2\/pages\/6345\/revisions"}],"wp:attachment":[{"href":"https:\/\/www.yvesguenot.fr\/index.php?rest_route=%2Fwp%2Fv2%2Fmedia&parent=6345"}],"curies":[{"name":"wp","href":"https:\/\/api.w.org\/{rel}","templated":true}]}}