{"id":6350,"date":"2020-08-18T16:14:02","date_gmt":"2020-08-18T15:14:02","guid":{"rendered":"https:\/\/www.yvesguenot.fr\/?page_id=6350"},"modified":"2023-06-21T11:36:50","modified_gmt":"2023-06-21T10:36:50","slug":"la-boutique","status":"publish","type":"page","link":"https:\/\/www.yvesguenot.fr\/?page_id=6350","title":{"rendered":"La boutique"},"content":{"rendered":"<p>Dans le cadre de notre association \u00ab\u00a0Immersions Audiovisuelles\u00a0\u00bb, nous pouvons vous proposer \u00e0 la vente des fichiers photos et m\u00eame vous proposer de vous mettre en contact avec une entreprise d&rsquo;impression photographique qui pratique des prix abordables, une qualit\u00e9 remarquable et qui livre dans toute l&rsquo;Europe.&nbsp;<span style=\"color: #ff0000;\"><a style=\"color: #ff0000;\" href=\"https:\/\/zor.com\/?fbclid=IwAR2FORbZJlA-YuG8oBqseaIxhOGpYIEC62ixlOU3ZYBncw4yPYg0hjb_uEE\" target=\"_blank\" rel=\"noopener noreferrer\">Cliquez ici pour d\u00e9couvrir leur site web.<\/a><\/span><\/p>\n<p>\u00c0 travers les diverses cat\u00e9gories de la boutique, vous trouverez les photos disponibles \u00e0 la vente. Cette liste n&rsquo;est pas exhaustive, n&rsquo;h\u00e9sitez pas \u00e0 me <a href=\"https:\/\/www.yvesguenot.fr\/voyagez-plongez-shootez\/contact\/\"><span style=\"color: #ff0000;\">contacter<\/span><\/a> si vous avez des souhaits particuliers.<\/p>\n<p>Cette activit\u00e9 \u00e9conomique accessoire rentre dans l&rsquo;objet de notre association d\u00e9clar\u00e9e, il vous sera \u00e9tabli, pour la vente de fichier une facture au nom de l&rsquo;association avec son num\u00e9ro SIRET.<\/p>\n<p><a href=\"https:\/\/www.yvesguenot.fr\/wp-content\/uploads\/2023\/06\/Mon-Book-.pdf\">Mon Book<\/a>&nbsp; &nbsp; <span style=\"color: #ff0000;\">vous pouvez regarder mes plus belles images de concours et faire votre choix. Attention, mes images ne sont pas \u00ab\u00a0libres de droits\u00a0\u00bb<\/span><\/p>\n<p><a href=\"https:\/\/www.yvesguenot.fr\/wp-content\/uploads\/2020\/01\/logo-Immersions-Audio-grande.jpg\"><img loading=\"lazy\" decoding=\"async\" class=\"size-large wp-image-5963 aligncenter\" src=\"https:\/\/www.yvesguenot.fr\/wp-content\/uploads\/2020\/01\/logo-Immersions-Audio-grande-1024x869.jpg\" alt=\"\" width=\"1024\" height=\"869\"\/><\/a><\/p>\n","protected":false},"excerpt":{"rendered":"<p>Dans le cadre de notre association \u00ab\u00a0Immersions Audiovisuelles\u00a0\u00bb, nous pouvons vous proposer \u00e0 la vente des fichiers photos et m\u00eame vous proposer de vous mettre en contact avec une entreprise d&rsquo;impression photographique qui pratique des prix abordables, une qualit\u00e9 remarquable [&hellip;]<\/p>\n","protected":false},"author":2,"featured_media":0,"parent":0,"menu_order":0,"comment_status":"closed","ping_status":"closed","template":"","meta":{"_exactmetrics_skip_tracking":false,"_exactmetrics_sitenote_active":false,"_exactmetrics_sitenote_note":"","_exactmetrics_sitenote_category":0,"ngg_post_thumbnail":0,"footnotes":""},"class_list":["post-6350","page","type-page","status-publish","hentry"],"_links":{"self":[{"href":"https:\/\/www.yvesguenot.fr\/index.php?rest_route=\/wp\/v2\/pages\/6350","targetHints":{"allow":["GET"]}}],"collection":[{"href":"https:\/\/www.yvesguenot.fr\/index.php?rest_route=\/wp\/v2\/pages"}],"about":[{"href":"https:\/\/www.yvesguenot.fr\/index.php?rest_route=\/wp\/v2\/types\/page"}],"author":[{"embeddable":true,"href":"https:\/\/www.yvesguenot.fr\/index.php?rest_route=\/wp\/v2\/users\/2"}],"replies":[{"embeddable":true,"href":"https:\/\/www.yvesguenot.fr\/index.php?rest_route=%2Fwp%2Fv2%2Fcomments&post=6350"}],"version-history":[{"count":1,"href":"https:\/\/www.yvesguenot.fr\/index.php?rest_route=\/wp\/v2\/pages\/6350\/revisions"}],"predecessor-version":[{"id":7470,"href":"https:\/\/www.yvesguenot.fr\/index.php?rest_route=\/wp\/v2\/pages\/6350\/revisions\/7470"}],"wp:attachment":[{"href":"https:\/\/www.yvesguenot.fr\/index.php?rest_route=%2Fwp%2Fv2%2Fmedia&parent=6350"}],"curies":[{"name":"wp","href":"https:\/\/api.w.org\/{rel}","templated":true}]}}