{"id":6354,"date":"2020-08-18T16:17:18","date_gmt":"2020-08-18T15:17:18","guid":{"rendered":"https:\/\/www.yvesguenot.fr\/?page_id=6354"},"modified":"2020-08-18T18:37:31","modified_gmt":"2020-08-18T17:37:31","slug":"baleines","status":"publish","type":"page","link":"https:\/\/www.yvesguenot.fr\/?page_id=6354","title":{"rendered":"Baleines"},"content":{"rendered":"\n<center> <p> N&rsquo;h\u00e9sitez pas \u00e0 me contacter en cliquant <a href=\"https:\/\/www.yvesguenot.fr\/voyagez-plongez-shootez\/contact\/\" style=\"color:#FF0000;\">ici <\/a> si une photo vous int\u00e9resse &#8230; <\/p>\n<\/center>\n\n\n\n<div class=\"standard_wrapper\"><div id=\"17769976542069935269\" class=\"portfolio_filter_wrapper gallery two_cols contain\" data-columns=\"2\"><div class=\"element grid  classic2_cols\"><div class=\"one_half gallery2 static filterable gallery_type animated1\"><a class=\"fancy-gallery\" href=\"https:\/\/www.yvesguenot.fr\/wp-content\/uploads\/2020\/08\/7B6A4072-copie.jpg\" data-caption=\"\" ><img decoding=\"async\" src=\"https:\/\/www.yvesguenot.fr\/wp-content\/uploads\/2020\/08\/7B6A4072-copie-705x529.jpg\" alt=\"\"\/><\/a><\/div><\/div><div class=\"element grid  classic2_cols\"><div class=\"one_half gallery2 static filterable gallery_type animated2\"><a class=\"fancy-gallery\" href=\"https:\/\/www.yvesguenot.fr\/wp-content\/uploads\/2020\/08\/7B6A6030-3.jpg\" data-caption=\"\" ><img decoding=\"async\" src=\"https:\/\/www.yvesguenot.fr\/wp-content\/uploads\/2020\/08\/7B6A6030-3-705x529.jpg\" alt=\"\"\/><\/a><\/div><\/div><div class=\"element grid  classic2_cols\"><div class=\"one_half gallery2 static filterable gallery_type animated3\"><a class=\"fancy-gallery\" href=\"https:\/\/www.yvesguenot.fr\/wp-content\/uploads\/2020\/08\/7B6A6033.jpg\" data-caption=\"\" ><img decoding=\"async\" src=\"https:\/\/www.yvesguenot.fr\/wp-content\/uploads\/2020\/08\/7B6A6033-705x529.jpg\" alt=\"\"\/><\/a><\/div><\/div><div class=\"element grid  classic2_cols\"><div class=\"one_half gallery2 static filterable gallery_type animated4\"><a class=\"fancy-gallery\" href=\"https:\/\/www.yvesguenot.fr\/wp-content\/uploads\/2020\/08\/7B6A4068-copie-2-3.jpg\" data-caption=\"\" ><img decoding=\"async\" src=\"https:\/\/www.yvesguenot.fr\/wp-content\/uploads\/2020\/08\/7B6A4068-copie-2-3-705x529.jpg\" alt=\"\"\/><\/a><\/div><\/div><div class=\"element grid  classic2_cols\"><div class=\"one_half gallery2 static filterable gallery_type animated5\"><a class=\"fancy-gallery\" href=\"https:\/\/www.yvesguenot.fr\/wp-content\/uploads\/2020\/08\/7B6A0202-2-3.jpg\" data-caption=\"\" ><img decoding=\"async\" src=\"https:\/\/www.yvesguenot.fr\/wp-content\/uploads\/2020\/08\/7B6A0202-2-3-705x529.jpg\" alt=\"\"\/><\/a><\/div><\/div><div class=\"element grid  classic2_cols\"><div class=\"one_half gallery2 static filterable gallery_type animated6\"><a class=\"fancy-gallery\" href=\"https:\/\/www.yvesguenot.fr\/wp-content\/uploads\/2020\/08\/7B6A0197.jpg\" data-caption=\"\" ><img decoding=\"async\" src=\"https:\/\/www.yvesguenot.fr\/wp-content\/uploads\/2020\/08\/7B6A0197-705x529.jpg\" alt=\"\"\/><\/a><\/div><\/div><div class=\"element grid  classic2_cols\"><div class=\"one_half gallery2 static filterable gallery_type animated7\"><a class=\"fancy-gallery\" href=\"https:\/\/www.yvesguenot.fr\/wp-content\/uploads\/2020\/08\/0V0A1711_DxO.jpg\" data-caption=\"\" ><img decoding=\"async\" src=\"https:\/\/www.yvesguenot.fr\/wp-content\/uploads\/2020\/08\/0V0A1711_DxO-705x529.jpg\" alt=\"\"\/><\/a><\/div><\/div><div class=\"element grid  classic2_cols\"><div class=\"one_half gallery2 static filterable gallery_type animated8\"><a class=\"fancy-gallery\" href=\"https:\/\/www.yvesguenot.fr\/wp-content\/uploads\/2020\/08\/0V0A1661_DxO.jpg\" data-caption=\"\" ><img decoding=\"async\" src=\"https:\/\/www.yvesguenot.fr\/wp-content\/uploads\/2020\/08\/0V0A1661_DxO-705x529.jpg\" alt=\"\"\/><\/a><\/div><\/div><div class=\"element grid  classic2_cols\"><div class=\"one_half gallery2 static filterable gallery_type animated9\"><a class=\"fancy-gallery\" href=\"https:\/\/www.yvesguenot.fr\/wp-content\/uploads\/2020\/08\/0V0A1660_DxO.jpg\" data-caption=\"\" ><img decoding=\"async\" src=\"https:\/\/www.yvesguenot.fr\/wp-content\/uploads\/2020\/08\/0V0A1660_DxO-705x529.jpg\" alt=\"\"\/><\/a><\/div><\/div><div class=\"element grid  classic2_cols\"><div class=\"one_half gallery2 static filterable gallery_type animated10\"><a class=\"fancy-gallery\" href=\"https:\/\/www.yvesguenot.fr\/wp-content\/uploads\/2020\/08\/0V0A1758_DxO.jpg\" data-caption=\"\" ><img decoding=\"async\" src=\"https:\/\/www.yvesguenot.fr\/wp-content\/uploads\/2020\/08\/0V0A1758_DxO-705x529.jpg\" alt=\"\"\/><\/a><\/div><\/div><div class=\"element grid  classic2_cols\"><div class=\"one_half gallery2 static filterable gallery_type animated11\"><a class=\"fancy-gallery\" href=\"https:\/\/www.yvesguenot.fr\/wp-content\/uploads\/2020\/08\/0V0A0872_DxO.jpg\" data-caption=\"\" ><img decoding=\"async\" src=\"https:\/\/www.yvesguenot.fr\/wp-content\/uploads\/2020\/08\/0V0A0872_DxO-705x529.jpg\" alt=\"\"\/><\/a><\/div><\/div><div class=\"element grid  classic2_cols\"><div class=\"one_half gallery2 static filterable gallery_type animated12\"><a class=\"fancy-gallery\" href=\"https:\/\/www.yvesguenot.fr\/wp-content\/uploads\/2020\/08\/0V0A0879_DxO.jpg\" data-caption=\"\" ><img decoding=\"async\" src=\"https:\/\/www.yvesguenot.fr\/wp-content\/uploads\/2020\/08\/0V0A0879_DxO-705x529.jpg\" alt=\"\"\/><\/a><\/div><\/div><div class=\"element grid  classic2_cols\"><div class=\"one_half gallery2 static filterable gallery_type animated13\"><a class=\"fancy-gallery\" href=\"https:\/\/www.yvesguenot.fr\/wp-content\/uploads\/2020\/08\/0V0A1747_DxO.jpg\" data-caption=\"\" ><img decoding=\"async\" src=\"https:\/\/www.yvesguenot.fr\/wp-content\/uploads\/2020\/08\/0V0A1747_DxO-705x529.jpg\" alt=\"\"\/><\/a><\/div><\/div><div class=\"element grid  classic2_cols\"><div class=\"one_half gallery2 static filterable gallery_type animated14\"><a class=\"fancy-gallery\" href=\"https:\/\/www.yvesguenot.fr\/wp-content\/uploads\/2020\/08\/0V0A0862_DxO.jpg\" data-caption=\"\" ><img decoding=\"async\" src=\"https:\/\/www.yvesguenot.fr\/wp-content\/uploads\/2020\/08\/0V0A0862_DxO-705x529.jpg\" alt=\"\"\/><\/a><\/div><\/div><div class=\"element grid  classic2_cols\"><div class=\"one_half gallery2 static filterable gallery_type animated15\"><a class=\"fancy-gallery\" href=\"https:\/\/www.yvesguenot.fr\/wp-content\/uploads\/2020\/08\/0V0A0838_DxO-copie.jpg\" data-caption=\"\" ><img decoding=\"async\" src=\"https:\/\/www.yvesguenot.fr\/wp-content\/uploads\/2020\/08\/0V0A0838_DxO-copie-705x529.jpg\" alt=\"\"\/><\/a><\/div><\/div><div class=\"element grid  classic2_cols\"><div class=\"one_half gallery2 static filterable gallery_type animated16\"><a class=\"fancy-gallery\" href=\"https:\/\/www.yvesguenot.fr\/wp-content\/uploads\/2020\/08\/0V0A0836_DxO.jpg\" data-caption=\"\" ><img decoding=\"async\" src=\"https:\/\/www.yvesguenot.fr\/wp-content\/uploads\/2020\/08\/0V0A0836_DxO-705x529.jpg\" alt=\"\"\/><\/a><\/div><\/div><div class=\"element grid  classic2_cols\"><div class=\"one_half gallery2 static filterable gallery_type animated17\"><a class=\"fancy-gallery\" href=\"https:\/\/www.yvesguenot.fr\/wp-content\/uploads\/2020\/08\/0V0A0710.jpg\" data-caption=\"\" ><img decoding=\"async\" src=\"https:\/\/www.yvesguenot.fr\/wp-content\/uploads\/2020\/08\/0V0A0710-705x529.jpg\" alt=\"\"\/><\/a><\/div><\/div><div class=\"element grid  classic2_cols\"><div class=\"one_half gallery2 static filterable gallery_type animated18\"><a class=\"fancy-gallery\" href=\"https:\/\/www.yvesguenot.fr\/wp-content\/uploads\/2020\/08\/0V0A1740_DxO.jpg\" data-caption=\"\" ><img decoding=\"async\" src=\"https:\/\/www.yvesguenot.fr\/wp-content\/uploads\/2020\/08\/0V0A1740_DxO-705x529.jpg\" alt=\"\"\/><\/a><\/div><\/div><div class=\"element grid  classic2_cols\"><div class=\"one_half gallery2 static filterable gallery_type animated19\"><a class=\"fancy-gallery\" href=\"https:\/\/www.yvesguenot.fr\/wp-content\/uploads\/2020\/08\/0V0A1742_DxO.jpg\" data-caption=\"\" ><img decoding=\"async\" src=\"https:\/\/www.yvesguenot.fr\/wp-content\/uploads\/2020\/08\/0V0A1742_DxO-705x529.jpg\" alt=\"\"\/><\/a><\/div><\/div><\/div><\/div>\n","protected":false},"excerpt":{"rendered":"<p>N&rsquo;h\u00e9sitez pas \u00e0 me contacter en cliquant ici si une photo vous int\u00e9resse &#8230;<\/p>\n","protected":false},"author":2,"featured_media":0,"parent":0,"menu_order":0,"comment_status":"closed","ping_status":"closed","template":"","meta":{"_exactmetrics_skip_tracking":false,"_exactmetrics_sitenote_active":false,"_exactmetrics_sitenote_note":"","_exactmetrics_sitenote_category":0,"ngg_post_thumbnail":0,"footnotes":""},"class_list":["post-6354","page","type-page","status-publish","hentry"],"_links":{"self":[{"href":"https:\/\/www.yvesguenot.fr\/index.php?rest_route=\/wp\/v2\/pages\/6354","targetHints":{"allow":["GET"]}}],"collection":[{"href":"https:\/\/www.yvesguenot.fr\/index.php?rest_route=\/wp\/v2\/pages"}],"about":[{"href":"https:\/\/www.yvesguenot.fr\/index.php?rest_route=\/wp\/v2\/types\/page"}],"author":[{"embeddable":true,"href":"https:\/\/www.yvesguenot.fr\/index.php?rest_route=\/wp\/v2\/users\/2"}],"replies":[{"embeddable":true,"href":"https:\/\/www.yvesguenot.fr\/index.php?rest_route=%2Fwp%2Fv2%2Fcomments&post=6354"}],"version-history":[{"count":0,"href":"https:\/\/www.yvesguenot.fr\/index.php?rest_route=\/wp\/v2\/pages\/6354\/revisions"}],"wp:attachment":[{"href":"https:\/\/www.yvesguenot.fr\/index.php?rest_route=%2Fwp%2Fv2%2Fmedia&parent=6354"}],"curies":[{"name":"wp","href":"https:\/\/api.w.org\/{rel}","templated":true}]}}