{"id":6355,"date":"2020-08-18T16:17:19","date_gmt":"2020-08-18T15:17:19","guid":{"rendered":"https:\/\/www.yvesguenot.fr\/?page_id=6355"},"modified":"2020-08-18T18:37:57","modified_gmt":"2020-08-18T17:37:57","slug":"macro","status":"publish","type":"page","link":"https:\/\/www.yvesguenot.fr\/?page_id=6355","title":{"rendered":"Macro"},"content":{"rendered":"\n<center> <p> N&rsquo;h\u00e9sitez pas \u00e0 me contacter en cliquant <a href=\"https:\/\/www.yvesguenot.fr\/voyagez-plongez-shootez\/contact\/\" style=\"color:#FF0000;\">ici <\/a> si une photo vous int\u00e9resse &#8230; <\/p>\n<\/center>\n\n\n\n<div class=\"standard_wrapper\"><div id=\"17770474831894912516\" class=\"portfolio_filter_wrapper gallery two_cols contain\" data-columns=\"2\"><div class=\"element grid  classic2_cols\"><div class=\"one_half gallery2 static filterable gallery_type animated1\"><a class=\"fancy-gallery\" href=\"https:\/\/www.yvesguenot.fr\/wp-content\/uploads\/2020\/08\/SM-PO-6_Yves-Guenot.jpg\" data-caption=\"\" ><img decoding=\"async\" src=\"https:\/\/www.yvesguenot.fr\/wp-content\/uploads\/2020\/08\/SM-PO-6_Yves-Guenot-705x529.jpg\" alt=\"\"\/><\/a><\/div><\/div><div class=\"element grid  classic2_cols\"><div class=\"one_half gallery2 static filterable gallery_type animated2\"><a class=\"fancy-gallery\" href=\"https:\/\/www.yvesguenot.fr\/wp-content\/uploads\/2020\/08\/Yves_Guenot_arlequin-shrimp_Ocean-Views.jpg\" data-caption=\"\" ><img decoding=\"async\" src=\"https:\/\/www.yvesguenot.fr\/wp-content\/uploads\/2020\/08\/Yves_Guenot_arlequin-shrimp_Ocean-Views-705x529.jpg\" alt=\"\"\/><\/a><\/div><\/div><div class=\"element grid  classic2_cols\"><div class=\"one_half gallery2 static filterable gallery_type animated3\"><a class=\"fancy-gallery\" href=\"https:\/\/www.yvesguenot.fr\/wp-content\/uploads\/2020\/08\/clown-YG.jpg\" data-caption=\"\" ><img decoding=\"async\" src=\"https:\/\/www.yvesguenot.fr\/wp-content\/uploads\/2020\/08\/clown-YG-705x529.jpg\" alt=\"\"\/><\/a><\/div><\/div><div class=\"element grid  classic2_cols\"><div class=\"one_half gallery2 static filterable gallery_type animated4\"><a class=\"fancy-gallery\" href=\"https:\/\/www.yvesguenot.fr\/wp-content\/uploads\/2020\/08\/0V0A0773-01_DxO.jpg\" data-caption=\"\" ><img decoding=\"async\" src=\"https:\/\/www.yvesguenot.fr\/wp-content\/uploads\/2020\/08\/0V0A0773-01_DxO-705x529.jpg\" alt=\"\"\/><\/a><\/div><\/div><div class=\"element grid  classic2_cols\"><div class=\"one_half gallery2 static filterable gallery_type animated5\"><a class=\"fancy-gallery\" href=\"https:\/\/www.yvesguenot.fr\/wp-content\/uploads\/2020\/08\/28122014-0V0A9838-copie.jpg\" data-caption=\"\" ><img decoding=\"async\" src=\"https:\/\/www.yvesguenot.fr\/wp-content\/uploads\/2020\/08\/28122014-0V0A9838-copie-705x529.jpg\" alt=\"\"\/><\/a><\/div><\/div><div class=\"element grid  classic2_cols\"><div class=\"one_half gallery2 static filterable gallery_type animated6\"><a class=\"fancy-gallery\" href=\"https:\/\/www.yvesguenot.fr\/wp-content\/uploads\/2020\/08\/Clown-anemone-blanche-.jpg.jpg\" data-caption=\"\" ><img decoding=\"async\" src=\"https:\/\/www.yvesguenot.fr\/wp-content\/uploads\/2020\/08\/Clown-anemone-blanche-.jpg-705x529.jpg\" alt=\"\"\/><\/a><\/div><\/div><div class=\"element grid  classic2_cols\"><div class=\"one_half gallery2 static filterable gallery_type animated7\"><a class=\"fancy-gallery\" href=\"https:\/\/www.yvesguenot.fr\/wp-content\/uploads\/2020\/08\/clown-2-YG-.jpg\" data-caption=\"\" ><img decoding=\"async\" src=\"https:\/\/www.yvesguenot.fr\/wp-content\/uploads\/2020\/08\/clown-2-YG--705x529.jpg\" alt=\"\"\/><\/a><\/div><\/div><div class=\"element grid  classic2_cols\"><div class=\"one_half gallery2 static filterable gallery_type animated8\"><a class=\"fancy-gallery\" href=\"https:\/\/www.yvesguenot.fr\/wp-content\/uploads\/2020\/08\/455A4153_DxO.jpg\" data-caption=\"\" ><img decoding=\"async\" src=\"https:\/\/www.yvesguenot.fr\/wp-content\/uploads\/2020\/08\/455A4153_DxO-705x529.jpg\" alt=\"\"\/><\/a><\/div><\/div><div class=\"element grid  classic2_cols\"><div class=\"one_half gallery2 static filterable gallery_type animated9\"><a class=\"fancy-gallery\" href=\"https:\/\/www.yvesguenot.fr\/wp-content\/uploads\/2020\/08\/08032020-455A3244_DxOtravail-exos-YG-2.jpg\" data-caption=\"\" ><img decoding=\"async\" src=\"https:\/\/www.yvesguenot.fr\/wp-content\/uploads\/2020\/08\/08032020-455A3244_DxOtravail-exos-YG-2-705x529.jpg\" alt=\"\"\/><\/a><\/div><\/div><div class=\"element grid  classic2_cols\"><div class=\"one_half gallery2 static filterable gallery_type animated10\"><a class=\"fancy-gallery\" href=\"https:\/\/www.yvesguenot.fr\/wp-content\/uploads\/2020\/08\/01012018-7B6A8979travail-exos-YG.jpg\" data-caption=\"\" ><img decoding=\"async\" src=\"https:\/\/www.yvesguenot.fr\/wp-content\/uploads\/2020\/08\/01012018-7B6A8979travail-exos-YG-705x529.jpg\" alt=\"\"\/><\/a><\/div><\/div><div class=\"element grid  classic2_cols\"><div class=\"one_half gallery2 static filterable gallery_type animated11\"><a class=\"fancy-gallery\" href=\"https:\/\/www.yvesguenot.fr\/wp-content\/uploads\/2020\/08\/455A4035_DxO.jpg\" data-caption=\"\" ><img decoding=\"async\" src=\"https:\/\/www.yvesguenot.fr\/wp-content\/uploads\/2020\/08\/455A4035_DxO-705x529.jpg\" alt=\"\"\/><\/a><\/div><\/div><div class=\"element grid  classic2_cols\"><div class=\"one_half gallery2 static filterable gallery_type animated12\"><a class=\"fancy-gallery\" href=\"https:\/\/www.yvesguenot.fr\/wp-content\/uploads\/2020\/08\/455A3941_DxO-2.jpg\" data-caption=\"\" ><img decoding=\"async\" src=\"https:\/\/www.yvesguenot.fr\/wp-content\/uploads\/2020\/08\/455A3941_DxO-2-705x529.jpg\" alt=\"\"\/><\/a><\/div><\/div><div class=\"element grid  classic2_cols\"><div class=\"one_half gallery2 static filterable gallery_type animated13\"><a class=\"fancy-gallery\" href=\"https:\/\/www.yvesguenot.fr\/wp-content\/uploads\/2020\/08\/455A3938_DxO-2.jpg\" data-caption=\"\" ><img decoding=\"async\" src=\"https:\/\/www.yvesguenot.fr\/wp-content\/uploads\/2020\/08\/455A3938_DxO-2-705x529.jpg\" alt=\"\"\/><\/a><\/div><\/div><div class=\"element grid  classic2_cols\"><div class=\"one_half gallery2 static filterable gallery_type animated14\"><a class=\"fancy-gallery\" href=\"https:\/\/www.yvesguenot.fr\/wp-content\/uploads\/2020\/08\/455A4119_DxO.jpg\" data-caption=\"\" ><img decoding=\"async\" src=\"https:\/\/www.yvesguenot.fr\/wp-content\/uploads\/2020\/08\/455A4119_DxO-705x529.jpg\" alt=\"\"\/><\/a><\/div><\/div><div class=\"element grid  classic2_cols\"><div class=\"one_half gallery2 static filterable gallery_type animated15\"><a class=\"fancy-gallery\" href=\"https:\/\/www.yvesguenot.fr\/wp-content\/uploads\/2020\/08\/455A3833_DxO.jpg\" data-caption=\"\" ><img decoding=\"async\" src=\"https:\/\/www.yvesguenot.fr\/wp-content\/uploads\/2020\/08\/455A3833_DxO-705x529.jpg\" alt=\"\"\/><\/a><\/div><\/div><div class=\"element grid  classic2_cols\"><div class=\"one_half gallery2 static filterable gallery_type animated16\"><a class=\"fancy-gallery\" href=\"https:\/\/www.yvesguenot.fr\/wp-content\/uploads\/2020\/08\/455A3844_DxO.jpg\" data-caption=\"\" ><img decoding=\"async\" src=\"https:\/\/www.yvesguenot.fr\/wp-content\/uploads\/2020\/08\/455A3844_DxO-705x529.jpg\" alt=\"\"\/><\/a><\/div><\/div><div class=\"element grid  classic2_cols\"><div class=\"one_half gallery2 static filterable gallery_type animated17\"><a class=\"fancy-gallery\" href=\"https:\/\/www.yvesguenot.fr\/wp-content\/uploads\/2020\/08\/455A3797_DxO.jpg\" data-caption=\"\" ><img decoding=\"async\" src=\"https:\/\/www.yvesguenot.fr\/wp-content\/uploads\/2020\/08\/455A3797_DxO-705x529.jpg\" alt=\"\"\/><\/a><\/div><\/div><div class=\"element grid  classic2_cols\"><div class=\"one_half gallery2 static filterable gallery_type animated18\"><a class=\"fancy-gallery\" href=\"https:\/\/www.yvesguenot.fr\/wp-content\/uploads\/2020\/08\/455A3244_DxO_DxO.jpg\" data-caption=\"\" ><img decoding=\"async\" src=\"https:\/\/www.yvesguenot.fr\/wp-content\/uploads\/2020\/08\/455A3244_DxO_DxO-705x529.jpg\" alt=\"\"\/><\/a><\/div><\/div><div class=\"element grid  classic2_cols\"><div class=\"one_half gallery2 static filterable gallery_type animated19\"><a class=\"fancy-gallery\" href=\"https:\/\/www.yvesguenot.fr\/wp-content\/uploads\/2020\/08\/455A3543_DxO.jpg\" data-caption=\"\" ><img decoding=\"async\" src=\"https:\/\/www.yvesguenot.fr\/wp-content\/uploads\/2020\/08\/455A3543_DxO-705x529.jpg\" alt=\"\"\/><\/a><\/div><\/div><div class=\"element grid  classic2_cols\"><div class=\"one_half gallery2 static filterable gallery_type animated20\"><a class=\"fancy-gallery\" href=\"https:\/\/www.yvesguenot.fr\/wp-content\/uploads\/2020\/08\/7B6A9896_DxO.jpg\" data-caption=\"\" ><img decoding=\"async\" src=\"https:\/\/www.yvesguenot.fr\/wp-content\/uploads\/2020\/08\/7B6A9896_DxO-705x529.jpg\" alt=\"\"\/><\/a><\/div><\/div><div class=\"element grid  classic2_cols\"><div class=\"one_half gallery2 static filterable gallery_type animated21\"><a class=\"fancy-gallery\" href=\"https:\/\/www.yvesguenot.fr\/wp-content\/uploads\/2020\/08\/455A3597_DxO-copie.jpg\" data-caption=\"\" ><img decoding=\"async\" src=\"https:\/\/www.yvesguenot.fr\/wp-content\/uploads\/2020\/08\/455A3597_DxO-copie-705x529.jpg\" alt=\"\"\/><\/a><\/div><\/div><div class=\"element grid  classic2_cols\"><div class=\"one_half gallery2 static filterable gallery_type animated22\"><a class=\"fancy-gallery\" href=\"https:\/\/www.yvesguenot.fr\/wp-content\/uploads\/2020\/08\/7B6A9836_DxO.jpg\" data-caption=\"\" ><img decoding=\"async\" src=\"https:\/\/www.yvesguenot.fr\/wp-content\/uploads\/2020\/08\/7B6A9836_DxO-705x529.jpg\" alt=\"\"\/><\/a><\/div><\/div><div class=\"element grid  classic2_cols\"><div class=\"one_half gallery2 static filterable gallery_type animated23\"><a class=\"fancy-gallery\" href=\"https:\/\/www.yvesguenot.fr\/wp-content\/uploads\/2020\/08\/7B6A9134_DxO.jpg\" data-caption=\"\" ><img decoding=\"async\" src=\"https:\/\/www.yvesguenot.fr\/wp-content\/uploads\/2020\/08\/7B6A9134_DxO-705x529.jpg\" alt=\"\"\/><\/a><\/div><\/div><div class=\"element grid  classic2_cols\"><div class=\"one_half gallery2 static filterable gallery_type animated24\"><a class=\"fancy-gallery\" href=\"https:\/\/www.yvesguenot.fr\/wp-content\/uploads\/2020\/08\/7B6A8209_DxO.jpg\" data-caption=\"\" ><img decoding=\"async\" src=\"https:\/\/www.yvesguenot.fr\/wp-content\/uploads\/2020\/08\/7B6A8209_DxO-705x529.jpg\" alt=\"\"\/><\/a><\/div><\/div><div class=\"element grid  classic2_cols\"><div class=\"one_half gallery2 static filterable gallery_type animated25\"><a class=\"fancy-gallery\" href=\"https:\/\/www.yvesguenot.fr\/wp-content\/uploads\/2020\/08\/7B6A5501_DxO.jpg\" data-caption=\"\" ><img decoding=\"async\" src=\"https:\/\/www.yvesguenot.fr\/wp-content\/uploads\/2020\/08\/7B6A5501_DxO-705x529.jpg\" alt=\"\"\/><\/a><\/div><\/div><div class=\"element grid  classic2_cols\"><div class=\"one_half gallery2 static filterable gallery_type animated26\"><a class=\"fancy-gallery\" href=\"https:\/\/www.yvesguenot.fr\/wp-content\/uploads\/2020\/08\/7B6A7930_DxO.jpg\" data-caption=\"\" ><img decoding=\"async\" src=\"https:\/\/www.yvesguenot.fr\/wp-content\/uploads\/2020\/08\/7B6A7930_DxO-705x529.jpg\" alt=\"\"\/><\/a><\/div><\/div><div class=\"element grid  classic2_cols\"><div class=\"one_half gallery2 static filterable gallery_type animated27\"><a class=\"fancy-gallery\" href=\"https:\/\/www.yvesguenot.fr\/wp-content\/uploads\/2020\/08\/7B6A4410_DxO.jpg\" data-caption=\"\" ><img decoding=\"async\" src=\"https:\/\/www.yvesguenot.fr\/wp-content\/uploads\/2020\/08\/7B6A4410_DxO-705x529.jpg\" alt=\"\"\/><\/a><\/div><\/div><div class=\"element grid  classic2_cols\"><div class=\"one_half gallery2 static filterable gallery_type animated28\"><a class=\"fancy-gallery\" href=\"https:\/\/www.yvesguenot.fr\/wp-content\/uploads\/2020\/08\/7B6A4409_DxO.jpg\" data-caption=\"\" ><img decoding=\"async\" src=\"https:\/\/www.yvesguenot.fr\/wp-content\/uploads\/2020\/08\/7B6A4409_DxO-705x529.jpg\" alt=\"\"\/><\/a><\/div><\/div><div class=\"element grid  classic2_cols\"><div class=\"one_half gallery2 static filterable gallery_type animated29\"><a class=\"fancy-gallery\" href=\"https:\/\/www.yvesguenot.fr\/wp-content\/uploads\/2020\/08\/7B6A2960_DxO.jpg\" data-caption=\"\" ><img decoding=\"async\" src=\"https:\/\/www.yvesguenot.fr\/wp-content\/uploads\/2020\/08\/7B6A2960_DxO-705x529.jpg\" alt=\"\"\/><\/a><\/div><\/div><div class=\"element grid  classic2_cols\"><div class=\"one_half gallery2 static filterable gallery_type animated30\"><a class=\"fancy-gallery\" href=\"https:\/\/www.yvesguenot.fr\/wp-content\/uploads\/2020\/08\/7B6A2959_DxO.jpg\" data-caption=\"\" ><img decoding=\"async\" src=\"https:\/\/www.yvesguenot.fr\/wp-content\/uploads\/2020\/08\/7B6A2959_DxO-705x529.jpg\" alt=\"\"\/><\/a><\/div><\/div><div class=\"element grid  classic2_cols\"><div class=\"one_half gallery2 static filterable gallery_type animated31\"><a class=\"fancy-gallery\" href=\"https:\/\/www.yvesguenot.fr\/wp-content\/uploads\/2020\/08\/7B6A1447_DxO.jpg\" data-caption=\"\" ><img decoding=\"async\" src=\"https:\/\/www.yvesguenot.fr\/wp-content\/uploads\/2020\/08\/7B6A1447_DxO-705x529.jpg\" alt=\"\"\/><\/a><\/div><\/div><div class=\"element grid  classic2_cols\"><div class=\"one_half gallery2 static filterable gallery_type animated32\"><a class=\"fancy-gallery\" href=\"https:\/\/www.yvesguenot.fr\/wp-content\/uploads\/2020\/08\/7B6A1199_DxO.jpg\" data-caption=\"\" ><img decoding=\"async\" src=\"https:\/\/www.yvesguenot.fr\/wp-content\/uploads\/2020\/08\/7B6A1199_DxO-705x529.jpg\" alt=\"\"\/><\/a><\/div><\/div><div class=\"element grid  classic2_cols\"><div class=\"one_half gallery2 static filterable gallery_type animated33\"><a class=\"fancy-gallery\" href=\"https:\/\/www.yvesguenot.fr\/wp-content\/uploads\/2020\/08\/7B6A1157_DxO.jpg\" data-caption=\"\" ><img decoding=\"async\" src=\"https:\/\/www.yvesguenot.fr\/wp-content\/uploads\/2020\/08\/7B6A1157_DxO-705x529.jpg\" alt=\"\"\/><\/a><\/div><\/div><div class=\"element grid  classic2_cols\"><div class=\"one_half gallery2 static filterable gallery_type animated34\"><a class=\"fancy-gallery\" href=\"https:\/\/www.yvesguenot.fr\/wp-content\/uploads\/2020\/08\/7B6A0750_DxO.jpg\" data-caption=\"\" ><img decoding=\"async\" src=\"https:\/\/www.yvesguenot.fr\/wp-content\/uploads\/2020\/08\/7B6A0750_DxO-705x529.jpg\" alt=\"\"\/><\/a><\/div><\/div><div class=\"element grid  classic2_cols\"><div class=\"one_half gallery2 static filterable gallery_type animated35\"><a class=\"fancy-gallery\" href=\"https:\/\/www.yvesguenot.fr\/wp-content\/uploads\/2020\/08\/0V0A0943_DxO.jpg\" data-caption=\"\" ><img decoding=\"async\" src=\"https:\/\/www.yvesguenot.fr\/wp-content\/uploads\/2020\/08\/0V0A0943_DxO-705x529.jpg\" alt=\"\"\/><\/a><\/div><\/div><div class=\"element grid  classic2_cols\"><div class=\"one_half gallery2 static filterable gallery_type animated36\"><a class=\"fancy-gallery\" href=\"https:\/\/www.yvesguenot.fr\/wp-content\/uploads\/2020\/08\/0V0A9803_DxO.jpg\" data-caption=\"\" ><img decoding=\"async\" src=\"https:\/\/www.yvesguenot.fr\/wp-content\/uploads\/2020\/08\/0V0A9803_DxO-705x529.jpg\" alt=\"\"\/><\/a><\/div><\/div><\/div><\/div>\n","protected":false},"excerpt":{"rendered":"<p>N&rsquo;h\u00e9sitez pas \u00e0 me contacter en cliquant ici si une photo vous int\u00e9resse &#8230;<\/p>\n","protected":false},"author":2,"featured_media":0,"parent":0,"menu_order":0,"comment_status":"closed","ping_status":"closed","template":"","meta":{"_exactmetrics_skip_tracking":false,"_exactmetrics_sitenote_active":false,"_exactmetrics_sitenote_note":"","_exactmetrics_sitenote_category":0,"ngg_post_thumbnail":0,"footnotes":""},"class_list":["post-6355","page","type-page","status-publish","hentry"],"_links":{"self":[{"href":"https:\/\/www.yvesguenot.fr\/index.php?rest_route=\/wp\/v2\/pages\/6355","targetHints":{"allow":["GET"]}}],"collection":[{"href":"https:\/\/www.yvesguenot.fr\/index.php?rest_route=\/wp\/v2\/pages"}],"about":[{"href":"https:\/\/www.yvesguenot.fr\/index.php?rest_route=\/wp\/v2\/types\/page"}],"author":[{"embeddable":true,"href":"https:\/\/www.yvesguenot.fr\/index.php?rest_route=\/wp\/v2\/users\/2"}],"replies":[{"embeddable":true,"href":"https:\/\/www.yvesguenot.fr\/index.php?rest_route=%2Fwp%2Fv2%2Fcomments&post=6355"}],"version-history":[{"count":0,"href":"https:\/\/www.yvesguenot.fr\/index.php?rest_route=\/wp\/v2\/pages\/6355\/revisions"}],"wp:attachment":[{"href":"https:\/\/www.yvesguenot.fr\/index.php?rest_route=%2Fwp%2Fv2%2Fmedia&parent=6355"}],"curies":[{"name":"wp","href":"https:\/\/api.w.org\/{rel}","templated":true}]}}