{"id":6358,"date":"2020-08-18T16:17:19","date_gmt":"2020-08-18T15:17:19","guid":{"rendered":"https:\/\/www.yvesguenot.fr\/?page_id=6358"},"modified":"2020-08-18T18:38:53","modified_gmt":"2020-08-18T17:38:53","slug":"pays-basque","status":"publish","type":"page","link":"https:\/\/www.yvesguenot.fr\/?page_id=6358","title":{"rendered":"Pays Basque"},"content":{"rendered":"\n<center> <p> N&rsquo;h\u00e9sitez pas \u00e0 me contacter en cliquant <a href=\"https:\/\/www.yvesguenot.fr\/voyagez-plongez-shootez\/contact\/\" style=\"color:#FF0000;\">ici <\/a> si une photo vous int\u00e9resse &#8230; <\/p>\n<\/center>\n\n\n\n<div class=\"standard_wrapper\"><div id=\"1776998405196414315\" class=\"portfolio_filter_wrapper gallery two_cols contain\" data-columns=\"2\"><div class=\"element grid  classic2_cols\"><div class=\"one_half gallery2 static filterable gallery_type animated1\"><a class=\"fancy-gallery\" href=\"https:\/\/www.yvesguenot.fr\/wp-content\/uploads\/2020\/08\/455A8782_DxO_6703x4418-2-1.jpg\" data-caption=\"\" ><img decoding=\"async\" src=\"https:\/\/www.yvesguenot.fr\/wp-content\/uploads\/2020\/08\/455A8782_DxO_6703x4418-2-1-705x529.jpg\" alt=\"\"\/><\/a><\/div><\/div><div class=\"element grid  classic2_cols\"><div class=\"one_half gallery2 static filterable gallery_type animated2\"><a class=\"fancy-gallery\" href=\"https:\/\/www.yvesguenot.fr\/wp-content\/uploads\/2020\/08\/455A8862_DxO_6609x4356-2-1.jpg\" data-caption=\"\" ><img decoding=\"async\" src=\"https:\/\/www.yvesguenot.fr\/wp-content\/uploads\/2020\/08\/455A8862_DxO_6609x4356-2-1-705x529.jpg\" alt=\"\"\/><\/a><\/div><\/div><div class=\"element grid  classic2_cols\"><div class=\"one_half gallery2 static filterable gallery_type animated3\"><a class=\"fancy-gallery\" href=\"https:\/\/www.yvesguenot.fr\/wp-content\/uploads\/2020\/08\/20072020-455A9294_DxO_6528x4365-copietravail-exos-YG-1.jpg\" data-caption=\"\" ><img decoding=\"async\" src=\"https:\/\/www.yvesguenot.fr\/wp-content\/uploads\/2020\/08\/20072020-455A9294_DxO_6528x4365-copietravail-exos-YG-1-705x529.jpg\" alt=\"\"\/><\/a><\/div><\/div><div class=\"element grid  classic2_cols\"><div class=\"one_half gallery2 static filterable gallery_type animated4\"><a class=\"fancy-gallery\" href=\"https:\/\/www.yvesguenot.fr\/wp-content\/uploads\/2020\/08\/455A9130_DxO_6614x4398-1.jpg\" data-caption=\"\" ><img decoding=\"async\" src=\"https:\/\/www.yvesguenot.fr\/wp-content\/uploads\/2020\/08\/455A9130_DxO_6614x4398-1-705x529.jpg\" alt=\"\"\/><\/a><\/div><\/div><div class=\"element grid  classic2_cols\"><div class=\"one_half gallery2 static filterable gallery_type animated5\"><a class=\"fancy-gallery\" href=\"https:\/\/www.yvesguenot.fr\/wp-content\/uploads\/2020\/08\/455A8070_DxO-2-copie-1.jpg\" data-caption=\"\" ><img decoding=\"async\" src=\"https:\/\/www.yvesguenot.fr\/wp-content\/uploads\/2020\/08\/455A8070_DxO-2-copie-1-705x529.jpg\" alt=\"\"\/><\/a><\/div><\/div><div class=\"element grid  classic2_cols\"><div class=\"one_half gallery2 static filterable gallery_type animated6\"><a class=\"fancy-gallery\" href=\"https:\/\/www.yvesguenot.fr\/wp-content\/uploads\/2020\/08\/455A8222_DxO_6719x4479-1.jpg\" data-caption=\"\" ><img decoding=\"async\" src=\"https:\/\/www.yvesguenot.fr\/wp-content\/uploads\/2020\/08\/455A8222_DxO_6719x4479-1-705x529.jpg\" alt=\"\"\/><\/a><\/div><\/div><div class=\"element grid  classic2_cols\"><div class=\"one_half gallery2 static filterable gallery_type animated7\"><a class=\"fancy-gallery\" href=\"https:\/\/www.yvesguenot.fr\/wp-content\/uploads\/2020\/08\/455A8548_DxO_6718x4477-1.jpg\" data-caption=\"\" ><img decoding=\"async\" src=\"https:\/\/www.yvesguenot.fr\/wp-content\/uploads\/2020\/08\/455A8548_DxO_6718x4477-1-705x529.jpg\" alt=\"\"\/><\/a><\/div><\/div><div class=\"element grid  classic2_cols\"><div class=\"one_half gallery2 static filterable gallery_type animated8\"><a class=\"fancy-gallery\" href=\"https:\/\/www.yvesguenot.fr\/wp-content\/uploads\/2020\/08\/455A8064_DxO-2-1.jpg\" data-caption=\"\" ><img decoding=\"async\" src=\"https:\/\/www.yvesguenot.fr\/wp-content\/uploads\/2020\/08\/455A8064_DxO-2-1-705x529.jpg\" alt=\"\"\/><\/a><\/div><\/div><div class=\"element grid  classic2_cols\"><div class=\"one_half gallery2 static filterable gallery_type animated9\"><a class=\"fancy-gallery\" href=\"https:\/\/www.yvesguenot.fr\/wp-content\/uploads\/2020\/08\/455A7897_DxO_6627x4418-2-1.jpg\" data-caption=\"\" ><img decoding=\"async\" src=\"https:\/\/www.yvesguenot.fr\/wp-content\/uploads\/2020\/08\/455A7897_DxO_6627x4418-2-1-705x529.jpg\" alt=\"\"\/><\/a><\/div><\/div><div class=\"element grid  classic2_cols\"><div class=\"one_half gallery2 static filterable gallery_type animated10\"><a class=\"fancy-gallery\" href=\"https:\/\/www.yvesguenot.fr\/wp-content\/uploads\/2020\/08\/455A7831_DxO-1-1.jpg\" data-caption=\"\" ><img decoding=\"async\" src=\"https:\/\/www.yvesguenot.fr\/wp-content\/uploads\/2020\/08\/455A7831_DxO-1-1-705x529.jpg\" alt=\"\"\/><\/a><\/div><\/div><\/div><\/div>\n","protected":false},"excerpt":{"rendered":"<p>N&rsquo;h\u00e9sitez pas \u00e0 me contacter en cliquant ici si une photo vous int\u00e9resse &#8230;<\/p>\n","protected":false},"author":2,"featured_media":0,"parent":0,"menu_order":0,"comment_status":"closed","ping_status":"closed","template":"","meta":{"_exactmetrics_skip_tracking":false,"_exactmetrics_sitenote_active":false,"_exactmetrics_sitenote_note":"","_exactmetrics_sitenote_category":0,"ngg_post_thumbnail":0,"footnotes":""},"class_list":["post-6358","page","type-page","status-publish","hentry"],"_links":{"self":[{"href":"https:\/\/www.yvesguenot.fr\/index.php?rest_route=\/wp\/v2\/pages\/6358","targetHints":{"allow":["GET"]}}],"collection":[{"href":"https:\/\/www.yvesguenot.fr\/index.php?rest_route=\/wp\/v2\/pages"}],"about":[{"href":"https:\/\/www.yvesguenot.fr\/index.php?rest_route=\/wp\/v2\/types\/page"}],"author":[{"embeddable":true,"href":"https:\/\/www.yvesguenot.fr\/index.php?rest_route=\/wp\/v2\/users\/2"}],"replies":[{"embeddable":true,"href":"https:\/\/www.yvesguenot.fr\/index.php?rest_route=%2Fwp%2Fv2%2Fcomments&post=6358"}],"version-history":[{"count":0,"href":"https:\/\/www.yvesguenot.fr\/index.php?rest_route=\/wp\/v2\/pages\/6358\/revisions"}],"wp:attachment":[{"href":"https:\/\/www.yvesguenot.fr\/index.php?rest_route=%2Fwp%2Fv2%2Fmedia&parent=6358"}],"curies":[{"name":"wp","href":"https:\/\/api.w.org\/{rel}","templated":true}]}}