{"id":6788,"date":"2021-05-13T12:04:54","date_gmt":"2021-05-13T11:04:54","guid":{"rendered":"https:\/\/www.yvesguenot.fr\/?page_id=6788"},"modified":"2023-01-08T16:48:26","modified_gmt":"2023-01-08T15:48:26","slug":"actualites","status":"publish","type":"page","link":"https:\/\/www.yvesguenot.fr\/?page_id=6788","title":{"rendered":"Derni\u00e8res actualit\u00e9s"},"content":{"rendered":"<div id=\"bdpp-post-carousel-wrap-1\" class=\"bdpp-wrap bdpp-lite bdpp-post-carousel-wrap owl-carousel bdpp-design-1 bdpp-has-arrows bdpp-clearfix\" data-conf=\"{&quot;slide_show&quot;:3,&quot;slide_scroll&quot;:1,&quot;loop&quot;:true,&quot;arrows&quot;:true,&quot;dots&quot;:true,&quot;autoplay&quot;:true,&quot;autoplay_interval&quot;:1500,&quot;speed&quot;:false}\"><div class=\"bdpp-post-slide bdpp-post-7889 bdpp-post-standard bdpp-has-thumb\">\r\n\t<div class=\"bdpp-post-carousel-content\">\r\n\t\t\t\t<div class=\"bdpp-post-img-bg\">\r\n\t\t\t<a href=\"https:\/\/www.yvesguenot.fr\/?p=7889\">\r\n\t\t\t\t<img decoding=\"async\" class=\"bdpp-img bdpp-post-feat-img\" src=\"https:\/\/www.yvesguenot.fr\/wp-content\/uploads\/2024\/01\/7B6A9755_DxO-2.jpg\" alt=\"Raja Ampat 2023\/24\" \/>\r\n\t\t\t\t\t\t\t<\/a>\r\n\t\t<\/div>\r\n\t\t\t\t<div class=\"bdpp-post-cats\"><a class=\"bdpp-post-cat-link bdpp-post-cat-1 bdpp-post-cat-non-classifiee\" href=\"https:\/\/www.yvesguenot.fr\/?cat=1\">Voyage r\u00e9cent<\/a><\/div>\r\n\t\t\r\n\t\t<h2 class=\"bdpp-post-title\">\r\n\t\t\t<a href=\"https:\/\/www.yvesguenot.fr\/?p=7889\">Raja Ampat 2023\/24<\/a>\r\n\t\t<\/h2>\r\n\r\n\t\t\t\t\t<div class=\"bdpp-post-meta bdpp-post-meta-up\">\r\n\t\t\t\t<span class=\"bdpp-post-meta-data bdpp-post-date\"><i class=\"fa fa-clock-o\"><\/i>28 janvier 2024<\/span>\t\t\t<\/div>\r\n\t\t\t<\/div>\r\n<\/div><div class=\"bdpp-post-slide bdpp-post-7660 bdpp-post-standard bdpp-has-thumb\">\r\n\t<div class=\"bdpp-post-carousel-content\">\r\n\t\t\t\t<div class=\"bdpp-post-img-bg\">\r\n\t\t\t<a href=\"https:\/\/www.yvesguenot.fr\/?p=7660\">\r\n\t\t\t\t<img decoding=\"async\" class=\"bdpp-img bdpp-post-feat-img\" src=\"https:\/\/www.yvesguenot.fr\/wp-content\/uploads\/2023\/08\/7B6A5939_DxO.jpg\" alt=\"Reportage FR3\" \/>\r\n\t\t\t\t\t\t\t<\/a>\r\n\t\t<\/div>\r\n\t\t\t\t<div class=\"bdpp-post-cats\"><a class=\"bdpp-post-cat-link bdpp-post-cat-8 bdpp-post-cat-destinations\" href=\"https:\/\/www.yvesguenot.fr\/?cat=8\">Destinations<\/a> <a class=\"bdpp-post-cat-link bdpp-post-cat-14 bdpp-post-cat-la-plongee\" href=\"https:\/\/www.yvesguenot.fr\/?cat=14\">La Plong\u00e9e<\/a><\/div>\r\n\t\t\r\n\t\t<h2 class=\"bdpp-post-title\">\r\n\t\t\t<a href=\"https:\/\/www.yvesguenot.fr\/?p=7660\">Reportage FR3<\/a>\r\n\t\t<\/h2>\r\n\r\n\t\t\t\t\t<div class=\"bdpp-post-meta bdpp-post-meta-up\">\r\n\t\t\t\t<span class=\"bdpp-post-meta-data bdpp-post-date\"><i class=\"fa fa-clock-o\"><\/i>10 d\u00e9cembre 2023<\/span>\t\t\t<\/div>\r\n\t\t\t<\/div>\r\n<\/div><div class=\"bdpp-post-slide bdpp-post-7615 bdpp-post-standard bdpp-has-thumb\">\r\n\t<div class=\"bdpp-post-carousel-content\">\r\n\t\t\t\t<div class=\"bdpp-post-img-bg\">\r\n\t\t\t<a href=\"https:\/\/www.yvesguenot.fr\/?p=7615\">\r\n\t\t\t\t<img decoding=\"async\" class=\"bdpp-img bdpp-post-feat-img\" src=\"https:\/\/www.yvesguenot.fr\/wp-content\/uploads\/2023\/11\/X6A3698_DxO.jpg\" alt=\"Mme Mamangue \u00e0 La R\u00e9union\" \/>\r\n\t\t\t\t\t\t\t<\/a>\r\n\t\t<\/div>\r\n\t\t\t\t<div class=\"bdpp-post-cats\"><a class=\"bdpp-post-cat-link bdpp-post-cat-12 bdpp-post-cat-images-vrac\" href=\"https:\/\/www.yvesguenot.fr\/?cat=12\">Des images en vrac<\/a><\/div>\r\n\t\t\r\n\t\t<h2 class=\"bdpp-post-title\">\r\n\t\t\t<a href=\"https:\/\/www.yvesguenot.fr\/?p=7615\">Mme Mamangue \u00e0 La R\u00e9union<\/a>\r\n\t\t<\/h2>\r\n\r\n\t\t\t\t\t<div class=\"bdpp-post-meta bdpp-post-meta-up\">\r\n\t\t\t\t<span class=\"bdpp-post-meta-data bdpp-post-date\"><i class=\"fa fa-clock-o\"><\/i>17 novembre 2023<\/span>\t\t\t<\/div>\r\n\t\t\t<\/div>\r\n<\/div><div class=\"bdpp-post-slide bdpp-post-7523 bdpp-post-standard bdpp-has-thumb\">\r\n\t<div class=\"bdpp-post-carousel-content\">\r\n\t\t\t\t<div class=\"bdpp-post-img-bg\">\r\n\t\t\t<a href=\"https:\/\/www.yvesguenot.fr\/?p=7523\">\r\n\t\t\t\t<img decoding=\"async\" class=\"bdpp-img bdpp-post-feat-img\" src=\"https:\/\/www.yvesguenot.fr\/wp-content\/uploads\/2023\/08\/7B6A6024_DxO.jpg\" alt=\"Sortie Baleine avec Kaz Plong\u00e9e\" \/>\r\n\t\t\t\t\t\t\t<\/a>\r\n\t\t<\/div>\r\n\t\t\t\t<div class=\"bdpp-post-cats\"><a class=\"bdpp-post-cat-link bdpp-post-cat-14 bdpp-post-cat-la-plongee\" href=\"https:\/\/www.yvesguenot.fr\/?cat=14\">La Plong\u00e9e<\/a><\/div>\r\n\t\t\r\n\t\t<h2 class=\"bdpp-post-title\">\r\n\t\t\t<a href=\"https:\/\/www.yvesguenot.fr\/?p=7523\">Sortie Baleine avec Kaz Plong\u00e9e<\/a>\r\n\t\t<\/h2>\r\n\r\n\t\t\t\t\t<div class=\"bdpp-post-meta bdpp-post-meta-up\">\r\n\t\t\t\t<span class=\"bdpp-post-meta-data bdpp-post-date\"><i class=\"fa fa-clock-o\"><\/i>23 ao\u00fbt 2023<\/span>\t\t\t<\/div>\r\n\t\t\t<\/div>\r\n<\/div><div class=\"bdpp-post-slide bdpp-post-7447 bdpp-post-standard bdpp-has-thumb\">\r\n\t<div class=\"bdpp-post-carousel-content\">\r\n\t\t\t\t<div class=\"bdpp-post-img-bg\">\r\n\t\t\t<a href=\"https:\/\/www.yvesguenot.fr\/?p=7447\">\r\n\t\t\t\t<img decoding=\"async\" class=\"bdpp-img bdpp-post-feat-img\" src=\"https:\/\/www.yvesguenot.fr\/wp-content\/uploads\/2023\/04\/BX6A8759_DxO.jpg\" alt=\"Bali o\u00f9 l&rsquo;art de cultiver le riz\" \/>\r\n\t\t\t\t\t\t\t<\/a>\r\n\t\t<\/div>\r\n\t\t\t\t<div class=\"bdpp-post-cats\"><a class=\"bdpp-post-cat-link bdpp-post-cat-8 bdpp-post-cat-destinations\" href=\"https:\/\/www.yvesguenot.fr\/?cat=8\">Destinations<\/a> <a class=\"bdpp-post-cat-link bdpp-post-cat-1 bdpp-post-cat-non-classifiee\" href=\"https:\/\/www.yvesguenot.fr\/?cat=1\">Voyage r\u00e9cent<\/a><\/div>\r\n\t\t\r\n\t\t<h2 class=\"bdpp-post-title\">\r\n\t\t\t<a href=\"https:\/\/www.yvesguenot.fr\/?p=7447\">Bali o\u00f9 l&rsquo;art de cultiver le riz<\/a>\r\n\t\t<\/h2>\r\n\r\n\t\t\t\t\t<div class=\"bdpp-post-meta bdpp-post-meta-up\">\r\n\t\t\t\t<span class=\"bdpp-post-meta-data bdpp-post-date\"><i class=\"fa fa-clock-o\"><\/i>22 avril 2023<\/span>\t\t\t<\/div>\r\n\t\t\t<\/div>\r\n<\/div><div class=\"bdpp-post-slide bdpp-post-7275 bdpp-post-standard bdpp-sticky bdpp-has-thumb\">\r\n\t<div class=\"bdpp-post-carousel-content\">\r\n\t\t\t\t<div class=\"bdpp-post-img-bg\">\r\n\t\t\t<a href=\"https:\/\/www.yvesguenot.fr\/?p=7275\">\r\n\t\t\t\t<img decoding=\"async\" class=\"bdpp-img bdpp-post-feat-img\" src=\"https:\/\/www.yvesguenot.fr\/wp-content\/uploads\/2022\/02\/BX6A7071_DxO.jpg\" alt=\"Le noddi brun de La R\u00e9union\" \/>\r\n\t\t\t\t\t\t\t<\/a>\r\n\t\t<\/div>\r\n\t\t\t\t<div class=\"bdpp-post-cats\"><a class=\"bdpp-post-cat-link bdpp-post-cat-12 bdpp-post-cat-images-vrac\" href=\"https:\/\/www.yvesguenot.fr\/?cat=12\">Des images en vrac<\/a><\/div>\r\n\t\t\r\n\t\t<h2 class=\"bdpp-post-title\">\r\n\t\t\t<a href=\"https:\/\/www.yvesguenot.fr\/?p=7275\">Le noddi brun de La R\u00e9union<\/a>\r\n\t\t<\/h2>\r\n\r\n\t\t\t\t\t<div class=\"bdpp-post-meta bdpp-post-meta-up\">\r\n\t\t\t\t<span class=\"bdpp-post-meta-data bdpp-post-date\"><i class=\"fa fa-clock-o\"><\/i>25 f\u00e9vrier 2022<\/span>\t\t\t<\/div>\r\n\t\t\t<\/div>\r\n<\/div><div class=\"bdpp-post-slide bdpp-post-7072 bdpp-post-standard bdpp-sticky bdpp-has-thumb\">\r\n\t<div class=\"bdpp-post-carousel-content\">\r\n\t\t\t\t<div class=\"bdpp-post-img-bg\">\r\n\t\t\t<a href=\"https:\/\/www.yvesguenot.fr\/?p=7072\">\r\n\t\t\t\t<img decoding=\"async\" class=\"bdpp-img bdpp-post-feat-img\" src=\"https:\/\/www.yvesguenot.fr\/wp-content\/uploads\/2022\/01\/7B6A8858_DxO.jpg\" alt=\"Croisi\u00e8re plong\u00e9e Wallacea Bitung\/Tomini\/Bitung 2021\/22\" \/>\r\n\t\t\t\t\t\t\t<\/a>\r\n\t\t<\/div>\r\n\t\t\t\t<div class=\"bdpp-post-cats\"><a class=\"bdpp-post-cat-link bdpp-post-cat-14 bdpp-post-cat-la-plongee\" href=\"https:\/\/www.yvesguenot.fr\/?cat=14\">La Plong\u00e9e<\/a> <a class=\"bdpp-post-cat-link bdpp-post-cat-1 bdpp-post-cat-non-classifiee\" href=\"https:\/\/www.yvesguenot.fr\/?cat=1\">Voyage r\u00e9cent<\/a><\/div>\r\n\t\t\r\n\t\t<h2 class=\"bdpp-post-title\">\r\n\t\t\t<a href=\"https:\/\/www.yvesguenot.fr\/?p=7072\">Croisi\u00e8re plong\u00e9e Wallacea Bitung\/Tomini\/Bitung 2021\/22<\/a>\r\n\t\t<\/h2>\r\n\r\n\t\t\t\t\t<div class=\"bdpp-post-meta bdpp-post-meta-up\">\r\n\t\t\t\t<span class=\"bdpp-post-meta-data bdpp-post-date\"><i class=\"fa fa-clock-o\"><\/i>9 janvier 2022<\/span>\t\t\t<\/div>\r\n\t\t\t<\/div>\r\n<\/div><div class=\"bdpp-post-slide bdpp-post-6879 bdpp-post-standard bdpp-has-thumb\">\r\n\t<div class=\"bdpp-post-carousel-content\">\r\n\t\t\t\t<div class=\"bdpp-post-img-bg\">\r\n\t\t\t<a href=\"https:\/\/www.yvesguenot.fr\/?p=6879\">\r\n\t\t\t\t<img decoding=\"async\" class=\"bdpp-img bdpp-post-feat-img\" src=\"https:\/\/www.yvesguenot.fr\/wp-content\/uploads\/2021\/06\/download.jpg\" alt=\"Canon R5\" \/>\r\n\t\t\t\t\t\t\t<\/a>\r\n\t\t<\/div>\r\n\t\t\t\t<div class=\"bdpp-post-cats\"><a class=\"bdpp-post-cat-link bdpp-post-cat-9 bdpp-post-cat-materiel-photo\" href=\"https:\/\/www.yvesguenot.fr\/?cat=9\">Mat\u00e9riel Photo<\/a><\/div>\r\n\t\t\r\n\t\t<h2 class=\"bdpp-post-title\">\r\n\t\t\t<a href=\"https:\/\/www.yvesguenot.fr\/?p=6879\">Canon R5<\/a>\r\n\t\t<\/h2>\r\n\r\n\t\t\t\t\t<div class=\"bdpp-post-meta bdpp-post-meta-up\">\r\n\t\t\t\t<span class=\"bdpp-post-meta-data bdpp-post-date\"><i class=\"fa fa-clock-o\"><\/i>19 juin 2021<\/span>\t\t\t<\/div>\r\n\t\t\t<\/div>\r\n<\/div><div class=\"bdpp-post-slide bdpp-post-6771 bdpp-post-standard bdpp-has-thumb\">\r\n\t<div class=\"bdpp-post-carousel-content\">\r\n\t\t\t\t<div class=\"bdpp-post-img-bg\">\r\n\t\t\t<a href=\"https:\/\/www.yvesguenot.fr\/?p=6771\">\r\n\t\t\t\t<img decoding=\"async\" class=\"bdpp-img bdpp-post-feat-img\" src=\"https:\/\/www.yvesguenot.fr\/wp-content\/uploads\/2021\/05\/BX6A3977_DxO.jpg\" alt=\"Le Paille en Queue de La R\u00e9union\" \/>\r\n\t\t\t\t\t\t\t<\/a>\r\n\t\t<\/div>\r\n\t\t\t\t<div class=\"bdpp-post-cats\"><a class=\"bdpp-post-cat-link bdpp-post-cat-12 bdpp-post-cat-images-vrac\" href=\"https:\/\/www.yvesguenot.fr\/?cat=12\">Des images en vrac<\/a><\/div>\r\n\t\t\r\n\t\t<h2 class=\"bdpp-post-title\">\r\n\t\t\t<a href=\"https:\/\/www.yvesguenot.fr\/?p=6771\">Le Paille en Queue de La R\u00e9union<\/a>\r\n\t\t<\/h2>\r\n\r\n\t\t\t\t\t<div class=\"bdpp-post-meta bdpp-post-meta-up\">\r\n\t\t\t\t<span class=\"bdpp-post-meta-data bdpp-post-date\"><i class=\"fa fa-clock-o\"><\/i>13 mai 2021<\/span>\t\t\t<\/div>\r\n\t\t\t<\/div>\r\n<\/div><div class=\"bdpp-post-slide bdpp-post-6709 bdpp-post-standard bdpp-has-thumb\">\r\n\t<div class=\"bdpp-post-carousel-content\">\r\n\t\t\t\t<div class=\"bdpp-post-img-bg\">\r\n\t\t\t<a href=\"https:\/\/www.yvesguenot.fr\/?p=6709\">\r\n\t\t\t\t<img decoding=\"async\" class=\"bdpp-img bdpp-post-feat-img\" src=\"https:\/\/www.yvesguenot.fr\/wp-content\/uploads\/2021\/04\/BX6A0553_DxO-1.jpg\" alt=\"Junior le Gecko g\u00e9ant du jardin\" \/>\r\n\t\t\t\t\t\t\t<\/a>\r\n\t\t<\/div>\r\n\t\t\t\t<div class=\"bdpp-post-cats\"><a class=\"bdpp-post-cat-link bdpp-post-cat-12 bdpp-post-cat-images-vrac\" href=\"https:\/\/www.yvesguenot.fr\/?cat=12\">Des images en vrac<\/a><\/div>\r\n\t\t\r\n\t\t<h2 class=\"bdpp-post-title\">\r\n\t\t\t<a href=\"https:\/\/www.yvesguenot.fr\/?p=6709\">Junior le Gecko g\u00e9ant du jardin<\/a>\r\n\t\t<\/h2>\r\n\r\n\t\t\t\t\t<div class=\"bdpp-post-meta bdpp-post-meta-up\">\r\n\t\t\t\t<span class=\"bdpp-post-meta-data bdpp-post-date\"><i class=\"fa fa-clock-o\"><\/i>11 avril 2021<\/span>\t\t\t<\/div>\r\n\t\t\t<\/div>\r\n<\/div><div class=\"bdpp-post-slide bdpp-post-6684 bdpp-post-standard bdpp-has-thumb\">\r\n\t<div class=\"bdpp-post-carousel-content\">\r\n\t\t\t\t<div class=\"bdpp-post-img-bg\">\r\n\t\t\t<a href=\"https:\/\/www.yvesguenot.fr\/?p=6684\">\r\n\t\t\t\t<img decoding=\"async\" class=\"bdpp-img bdpp-post-feat-img\" src=\"https:\/\/www.yvesguenot.fr\/wp-content\/uploads\/2021\/03\/7B6A6892_DxO.jpg\" alt=\"Jenny et Christophe\" \/>\r\n\t\t\t\t\t\t\t<\/a>\r\n\t\t<\/div>\r\n\t\t\t\t<div class=\"bdpp-post-cats\"><a class=\"bdpp-post-cat-link bdpp-post-cat-14 bdpp-post-cat-la-plongee\" href=\"https:\/\/www.yvesguenot.fr\/?cat=14\">La Plong\u00e9e<\/a><\/div>\r\n\t\t\r\n\t\t<h2 class=\"bdpp-post-title\">\r\n\t\t\t<a href=\"https:\/\/www.yvesguenot.fr\/?p=6684\">Jenny et Christophe<\/a>\r\n\t\t<\/h2>\r\n\r\n\t\t\t\t\t<div class=\"bdpp-post-meta bdpp-post-meta-up\">\r\n\t\t\t\t<span class=\"bdpp-post-meta-data bdpp-post-date\"><i class=\"fa fa-clock-o\"><\/i>26 mars 2021<\/span>\t\t\t<\/div>\r\n\t\t\t<\/div>\r\n<\/div><div class=\"bdpp-post-slide bdpp-post-6656 bdpp-post-standard bdpp-has-thumb\">\r\n\t<div class=\"bdpp-post-carousel-content\">\r\n\t\t\t\t<div class=\"bdpp-post-img-bg\">\r\n\t\t\t<a href=\"https:\/\/www.yvesguenot.fr\/?p=6656\">\r\n\t\t\t\t<img decoding=\"async\" class=\"bdpp-img bdpp-post-feat-img\" src=\"https:\/\/www.yvesguenot.fr\/wp-content\/uploads\/2021\/03\/7B6A6320_DxO.jpg\" alt=\"An\u00e9mones et Clowns \u00e0 St Leu ( La R\u00e9union)\" \/>\r\n\t\t\t\t\t\t\t<\/a>\r\n\t\t<\/div>\r\n\t\t\t\t<div class=\"bdpp-post-cats\"><a class=\"bdpp-post-cat-link bdpp-post-cat-14 bdpp-post-cat-la-plongee\" href=\"https:\/\/www.yvesguenot.fr\/?cat=14\">La Plong\u00e9e<\/a><\/div>\r\n\t\t\r\n\t\t<h2 class=\"bdpp-post-title\">\r\n\t\t\t<a href=\"https:\/\/www.yvesguenot.fr\/?p=6656\">An\u00e9mones et Clowns \u00e0 St Leu ( La R\u00e9union)<\/a>\r\n\t\t<\/h2>\r\n\r\n\t\t\t\t\t<div class=\"bdpp-post-meta bdpp-post-meta-up\">\r\n\t\t\t\t<span class=\"bdpp-post-meta-data bdpp-post-date\"><i class=\"fa fa-clock-o\"><\/i>7 mars 2021<\/span>\t\t\t<\/div>\r\n\t\t\t<\/div>\r\n<\/div><div class=\"bdpp-post-slide bdpp-post-6626 bdpp-post-standard bdpp-has-thumb\">\r\n\t<div class=\"bdpp-post-carousel-content\">\r\n\t\t\t\t<div class=\"bdpp-post-img-bg\">\r\n\t\t\t<a href=\"https:\/\/www.yvesguenot.fr\/?p=6626\">\r\n\t\t\t\t<img decoding=\"async\" class=\"bdpp-img bdpp-post-feat-img\" src=\"https:\/\/www.yvesguenot.fr\/wp-content\/uploads\/2020\/12\/Capture-de\u0301cran-2020-12-01-a\u0300-08.52.21.jpg\" alt=\"Concours photo International ISO2020\" \/>\r\n\t\t\t\t\t\t\t<\/a>\r\n\t\t<\/div>\r\n\t\t\t\t<div class=\"bdpp-post-cats\"><a class=\"bdpp-post-cat-link bdpp-post-cat-12 bdpp-post-cat-images-vrac\" href=\"https:\/\/www.yvesguenot.fr\/?cat=12\">Des images en vrac<\/a><\/div>\r\n\t\t\r\n\t\t<h2 class=\"bdpp-post-title\">\r\n\t\t\t<a href=\"https:\/\/www.yvesguenot.fr\/?p=6626\">Concours photo International ISO2020<\/a>\r\n\t\t<\/h2>\r\n\r\n\t\t\t\t\t<div class=\"bdpp-post-meta bdpp-post-meta-up\">\r\n\t\t\t\t<span class=\"bdpp-post-meta-data bdpp-post-date\"><i class=\"fa fa-clock-o\"><\/i>1 d\u00e9cembre 2020<\/span>\t\t\t<\/div>\r\n\t\t\t<\/div>\r\n<\/div><div class=\"bdpp-post-slide bdpp-post-6342 bdpp-post-standard bdpp-has-thumb\">\r\n\t<div class=\"bdpp-post-carousel-content\">\r\n\t\t\t\t<div class=\"bdpp-post-img-bg\">\r\n\t\t\t<a href=\"https:\/\/www.yvesguenot.fr\/?p=6342\">\r\n\t\t\t\t<img decoding=\"async\" class=\"bdpp-img bdpp-post-feat-img\" src=\"https:\/\/www.yvesguenot.fr\/wp-content\/uploads\/2020\/08\/7B6A1576_DxO-1.jpg\" alt=\"Christine en synchro \u00e0 La R\u00e9union\" \/>\r\n\t\t\t\t\t\t\t<\/a>\r\n\t\t<\/div>\r\n\t\t\t\t<div class=\"bdpp-post-cats\"><a class=\"bdpp-post-cat-link bdpp-post-cat-12 bdpp-post-cat-images-vrac\" href=\"https:\/\/www.yvesguenot.fr\/?cat=12\">Des images en vrac<\/a><\/div>\r\n\t\t\r\n\t\t<h2 class=\"bdpp-post-title\">\r\n\t\t\t<a href=\"https:\/\/www.yvesguenot.fr\/?p=6342\">Christine en synchro \u00e0 La R\u00e9union<\/a>\r\n\t\t<\/h2>\r\n\r\n\t\t\t\t\t<div class=\"bdpp-post-meta bdpp-post-meta-up\">\r\n\t\t\t\t<span class=\"bdpp-post-meta-data bdpp-post-date\"><i class=\"fa fa-clock-o\"><\/i>16 ao\u00fbt 2020<\/span>\t\t\t<\/div>\r\n\t\t\t<\/div>\r\n<\/div><div class=\"bdpp-post-slide bdpp-post-6304 bdpp-post-standard bdpp-has-thumb\">\r\n\t<div class=\"bdpp-post-carousel-content\">\r\n\t\t\t\t<div class=\"bdpp-post-img-bg\">\r\n\t\t\t<a href=\"https:\/\/www.yvesguenot.fr\/?p=6304\">\r\n\t\t\t\t<img decoding=\"async\" class=\"bdpp-img bdpp-post-feat-img\" src=\"https:\/\/www.yvesguenot.fr\/wp-content\/uploads\/2020\/08\/455A9130_DxO_6614x4398.jpg\" alt=\"Le pays Basque , \u00e9t\u00e9 2020\" \/>\r\n\t\t\t\t\t\t\t<\/a>\r\n\t\t<\/div>\r\n\t\t\t\t<div class=\"bdpp-post-cats\"><a class=\"bdpp-post-cat-link bdpp-post-cat-1 bdpp-post-cat-non-classifiee\" href=\"https:\/\/www.yvesguenot.fr\/?cat=1\">Voyage r\u00e9cent<\/a><\/div>\r\n\t\t\r\n\t\t<h2 class=\"bdpp-post-title\">\r\n\t\t\t<a href=\"https:\/\/www.yvesguenot.fr\/?p=6304\">Le pays Basque , \u00e9t\u00e9 2020<\/a>\r\n\t\t<\/h2>\r\n\r\n\t\t\t\t\t<div class=\"bdpp-post-meta bdpp-post-meta-up\">\r\n\t\t\t\t<span class=\"bdpp-post-meta-data bdpp-post-date\"><i class=\"fa fa-clock-o\"><\/i>12 ao\u00fbt 2020<\/span>\t\t\t<\/div>\r\n\t\t\t<\/div>\r\n<\/div><div class=\"bdpp-post-slide bdpp-post-6253 bdpp-post-standard bdpp-has-thumb\">\r\n\t<div class=\"bdpp-post-carousel-content\">\r\n\t\t\t\t<div class=\"bdpp-post-img-bg\">\r\n\t\t\t<a href=\"https:\/\/www.yvesguenot.fr\/?p=6253\">\r\n\t\t\t\t<img decoding=\"async\" class=\"bdpp-img bdpp-post-feat-img\" src=\"https:\/\/www.yvesguenot.fr\/wp-content\/uploads\/2020\/06\/455A7235_DxO-2.jpg\" alt=\"Sauvetage , assistance plongeur accident\u00e9 et recherche d&rsquo;un plongeur perdu &#8230;\" \/>\r\n\t\t\t\t\t\t\t<\/a>\r\n\t\t<\/div>\r\n\t\t\t\t<div class=\"bdpp-post-cats\"><a class=\"bdpp-post-cat-link bdpp-post-cat-14 bdpp-post-cat-la-plongee\" href=\"https:\/\/www.yvesguenot.fr\/?cat=14\">La Plong\u00e9e<\/a><\/div>\r\n\t\t\r\n\t\t<h2 class=\"bdpp-post-title\">\r\n\t\t\t<a href=\"https:\/\/www.yvesguenot.fr\/?p=6253\">Sauvetage , assistance plongeur accident\u00e9 et recherche d&rsquo;un plongeur perdu &#8230;<\/a>\r\n\t\t<\/h2>\r\n\r\n\t\t\t\t\t<div class=\"bdpp-post-meta bdpp-post-meta-up\">\r\n\t\t\t\t<span class=\"bdpp-post-meta-data bdpp-post-date\"><i class=\"fa fa-clock-o\"><\/i>30 juin 2020<\/span>\t\t\t<\/div>\r\n\t\t\t<\/div>\r\n<\/div><div class=\"bdpp-post-slide bdpp-post-6193 bdpp-post-standard bdpp-has-thumb\">\r\n\t<div class=\"bdpp-post-carousel-content\">\r\n\t\t\t\t<div class=\"bdpp-post-img-bg\">\r\n\t\t\t<a href=\"https:\/\/www.yvesguenot.fr\/?p=6193\">\r\n\t\t\t\t<img decoding=\"async\" class=\"bdpp-img bdpp-post-feat-img\" src=\"https:\/\/www.yvesguenot.fr\/wp-content\/uploads\/2021\/12\/BX6A8028_DxO-copie-01-1.jpg\" alt=\"Le Papangue de La R\u00e9union\" \/>\r\n\t\t\t\t\t\t\t<\/a>\r\n\t\t<\/div>\r\n\t\t\t\t<div class=\"bdpp-post-cats\"><a class=\"bdpp-post-cat-link bdpp-post-cat-12 bdpp-post-cat-images-vrac\" href=\"https:\/\/www.yvesguenot.fr\/?cat=12\">Des images en vrac<\/a><\/div>\r\n\t\t\r\n\t\t<h2 class=\"bdpp-post-title\">\r\n\t\t\t<a href=\"https:\/\/www.yvesguenot.fr\/?p=6193\">Le Papangue de La R\u00e9union<\/a>\r\n\t\t<\/h2>\r\n\r\n\t\t\t\t\t<div class=\"bdpp-post-meta bdpp-post-meta-up\">\r\n\t\t\t\t<span class=\"bdpp-post-meta-data bdpp-post-date\"><i class=\"fa fa-clock-o\"><\/i>23 avril 2020<\/span>\t\t\t<\/div>\r\n\t\t\t<\/div>\r\n<\/div><div class=\"bdpp-post-slide bdpp-post-6119 bdpp-post-standard bdpp-has-thumb\">\r\n\t<div class=\"bdpp-post-carousel-content\">\r\n\t\t\t\t<div class=\"bdpp-post-img-bg\">\r\n\t\t\t<a href=\"https:\/\/www.yvesguenot.fr\/?p=6119\">\r\n\t\t\t\t<img decoding=\"async\" class=\"bdpp-img bdpp-post-feat-img\" src=\"https:\/\/www.yvesguenot.fr\/wp-content\/uploads\/2020\/04\/455A4035_DxO.jpg\" alt=\"Les Reptiles de notre Case\" \/>\r\n\t\t\t\t\t\t\t<\/a>\r\n\t\t<\/div>\r\n\t\t\t\t<div class=\"bdpp-post-cats\"><a class=\"bdpp-post-cat-link bdpp-post-cat-12 bdpp-post-cat-images-vrac\" href=\"https:\/\/www.yvesguenot.fr\/?cat=12\">Des images en vrac<\/a><\/div>\r\n\t\t\r\n\t\t<h2 class=\"bdpp-post-title\">\r\n\t\t\t<a href=\"https:\/\/www.yvesguenot.fr\/?p=6119\">Les Reptiles de notre Case<\/a>\r\n\t\t<\/h2>\r\n\r\n\t\t\t\t\t<div class=\"bdpp-post-meta bdpp-post-meta-up\">\r\n\t\t\t\t<span class=\"bdpp-post-meta-data bdpp-post-date\"><i class=\"fa fa-clock-o\"><\/i>1 avril 2020<\/span>\t\t\t<\/div>\r\n\t\t\t<\/div>\r\n<\/div><div class=\"bdpp-post-slide bdpp-post-6009 bdpp-post-standard bdpp-has-thumb\">\r\n\t<div class=\"bdpp-post-carousel-content\">\r\n\t\t\t\t<div class=\"bdpp-post-img-bg\">\r\n\t\t\t<a href=\"https:\/\/www.yvesguenot.fr\/?p=6009\">\r\n\t\t\t\t<img decoding=\"async\" class=\"bdpp-img bdpp-post-feat-img\" src=\"https:\/\/www.yvesguenot.fr\/wp-content\/uploads\/2020\/02\/7B6A7119.jpg\" alt=\"Plong\u00e9e dans l&rsquo;Aquarium de La R\u00e9union\" \/>\r\n\t\t\t\t\t\t\t<\/a>\r\n\t\t<\/div>\r\n\t\t\t\t<div class=\"bdpp-post-cats\"><a class=\"bdpp-post-cat-link bdpp-post-cat-12 bdpp-post-cat-images-vrac\" href=\"https:\/\/www.yvesguenot.fr\/?cat=12\">Des images en vrac<\/a><\/div>\r\n\t\t\r\n\t\t<h2 class=\"bdpp-post-title\">\r\n\t\t\t<a href=\"https:\/\/www.yvesguenot.fr\/?p=6009\">Plong\u00e9e dans l&rsquo;Aquarium de La R\u00e9union<\/a>\r\n\t\t<\/h2>\r\n\r\n\t\t\t\t\t<div class=\"bdpp-post-meta bdpp-post-meta-up\">\r\n\t\t\t\t<span class=\"bdpp-post-meta-data bdpp-post-date\"><i class=\"fa fa-clock-o\"><\/i>13 f\u00e9vrier 2020<\/span>\t\t\t<\/div>\r\n\t\t\t<\/div>\r\n<\/div><div class=\"bdpp-post-slide bdpp-post-5953 bdpp-post-standard bdpp-has-thumb\">\r\n\t<div class=\"bdpp-post-carousel-content\">\r\n\t\t\t\t<div class=\"bdpp-post-img-bg\">\r\n\t\t\t<a href=\"https:\/\/www.yvesguenot.fr\/?p=5953\">\r\n\t\t\t\t<img decoding=\"async\" class=\"bdpp-img bdpp-post-feat-img\" src=\"https:\/\/www.yvesguenot.fr\/wp-content\/uploads\/2020\/01\/Capture-d\u2019e\u0301cran-2020-01-19-a\u0300-18.13.41.png\" alt=\"Vente d&rsquo;images et\/ impression\" \/>\r\n\t\t\t\t\t\t\t<\/a>\r\n\t\t<\/div>\r\n\t\t\t\t<div class=\"bdpp-post-cats\"><a class=\"bdpp-post-cat-link bdpp-post-cat-112 bdpp-post-cat-vente-de-fichiers\" href=\"https:\/\/www.yvesguenot.fr\/?cat=112\">Vente d&#039;images<\/a><\/div>\r\n\t\t\r\n\t\t<h2 class=\"bdpp-post-title\">\r\n\t\t\t<a href=\"https:\/\/www.yvesguenot.fr\/?p=5953\">Vente d&rsquo;images et\/ impression<\/a>\r\n\t\t<\/h2>\r\n\r\n\t\t\t\t\t<div class=\"bdpp-post-meta bdpp-post-meta-up\">\r\n\t\t\t\t<span class=\"bdpp-post-meta-data bdpp-post-date\"><i class=\"fa fa-clock-o\"><\/i>19 janvier 2020<\/span>\t\t\t<\/div>\r\n\t\t\t<\/div>\r\n<\/div><\/div>\n","protected":false},"excerpt":{"rendered":"","protected":false},"author":2,"featured_media":7372,"parent":0,"menu_order":0,"comment_status":"closed","ping_status":"closed","template":"","meta":{"_exactmetrics_skip_tracking":false,"_exactmetrics_sitenote_active":false,"_exactmetrics_sitenote_note":"","_exactmetrics_sitenote_category":0,"ngg_post_thumbnail":0,"footnotes":""},"class_list":["post-6788","page","type-page","status-publish","has-post-thumbnail","hentry"],"_links":{"self":[{"href":"https:\/\/www.yvesguenot.fr\/index.php?rest_route=\/wp\/v2\/pages\/6788","targetHints":{"allow":["GET"]}}],"collection":[{"href":"https:\/\/www.yvesguenot.fr\/index.php?rest_route=\/wp\/v2\/pages"}],"about":[{"href":"https:\/\/www.yvesguenot.fr\/index.php?rest_route=\/wp\/v2\/types\/page"}],"author":[{"embeddable":true,"href":"https:\/\/www.yvesguenot.fr\/index.php?rest_route=\/wp\/v2\/users\/2"}],"replies":[{"embeddable":true,"href":"https:\/\/www.yvesguenot.fr\/index.php?rest_route=%2Fwp%2Fv2%2Fcomments&post=6788"}],"version-history":[{"count":4,"href":"https:\/\/www.yvesguenot.fr\/index.php?rest_route=\/wp\/v2\/pages\/6788\/revisions"}],"predecessor-version":[{"id":6795,"href":"https:\/\/www.yvesguenot.fr\/index.php?rest_route=\/wp\/v2\/pages\/6788\/revisions\/6795"}],"wp:featuredmedia":[{"embeddable":true,"href":"https:\/\/www.yvesguenot.fr\/index.php?rest_route=\/wp\/v2\/media\/7372"}],"wp:attachment":[{"href":"https:\/\/www.yvesguenot.fr\/index.php?rest_route=%2Fwp%2Fv2%2Fmedia&parent=6788"}],"curies":[{"name":"wp","href":"https:\/\/api.w.org\/{rel}","templated":true}]}}